{"id":1743,"date":"2025-03-28T10:20:08","date_gmt":"2025-03-28T10:20:08","guid":{"rendered":"https:\/\/harztor-erlebenswert.de\/?page_id=1743"},"modified":"2025-12-16T11:44:09","modified_gmt":"2025-12-16T11:44:09","slug":"schlafkur","status":"publish","type":"page","link":"https:\/\/harztor-erlebenswert.de\/en\/kurangebote\/schlafkur\/","title":{"rendered":"Sleep cure"},"content":{"rendered":"<div data-elementor-type=\"wp-page\" data-elementor-id=\"1743\" class=\"elementor elementor-1743\" data-elementor-post-type=\"page\">\n\t\t\t\t<div class=\"elementor-element elementor-element-52339b4 e-flex e-con-boxed e-con e-parent\" data-id=\"52339b4\" data-element_type=\"container\" data-e-type=\"container\">\n\t\t\t\t\t<div class=\"e-con-inner\">\n\t\t\t\t<div class=\"elementor-element elementor-element-8fcd724 elementor-widget elementor-widget-heading\" data-id=\"8fcd724\" data-element_type=\"widget\" data-e-type=\"widget\" data-widget_type=\"heading.default\">\n\t\t\t\t<div class=\"elementor-widget-container\">\n\t\t\t\t\t<h1 class=\"elementor-heading-title elementor-size-default\">Endlich wieder durchschlafen<\/h1>\t\t\t\t<\/div>\n\t\t\t\t<\/div>\n\t\t\t\t\t<\/div>\n\t\t\t\t<\/div>\n\t\t<div class=\"elementor-element elementor-element-949181c e-flex e-con-boxed elementor-invisible e-con e-parent\" data-id=\"949181c\" data-element_type=\"container\" data-e-type=\"container\" data-settings=\"{&quot;animation&quot;:&quot;fadeInUp&quot;}\">\n\t\t\t\t\t<div class=\"e-con-inner\">\n\t\t<div class=\"elementor-element elementor-element-61fef00 e-con-full e-flex e-con e-child\" data-id=\"61fef00\" data-element_type=\"container\" data-e-type=\"container\" data-settings=\"{&quot;background_background&quot;:&quot;classic&quot;}\">\n\t\t\t\t<div class=\"elementor-element elementor-element-90425c2 elementor-widget elementor-widget-image\" data-id=\"90425c2\" data-element_type=\"widget\" data-e-type=\"widget\" data-widget_type=\"image.default\">\n\t\t\t\t<div class=\"elementor-widget-container\">\n\t\t\t\t\t\t\t\t\t\t\t\t\t\t\t<img fetchpriority=\"high\" decoding=\"async\" width=\"640\" height=\"480\" src=\"https:\/\/harztor-erlebenswert.de\/wp-content\/uploads\/2025\/12\/ruhe-2_ki.jpg\" class=\"attachment-large size-large wp-image-4099\" alt=\"Frau schl\u00e4ft tief und fest: Symbolbild f\u00fcr erholsamen Schlaf dank einer Schlafkur\" srcset=\"https:\/\/harztor-erlebenswert.de\/wp-content\/uploads\/2025\/12\/ruhe-2_ki.jpg 1024w, https:\/\/harztor-erlebenswert.de\/wp-content\/uploads\/2025\/12\/ruhe-2_ki-300x225.jpg 300w, https:\/\/harztor-erlebenswert.de\/wp-content\/uploads\/2025\/12\/ruhe-2_ki-768x576.jpg 768w, https:\/\/harztor-erlebenswert.de\/wp-content\/uploads\/2025\/12\/ruhe-2_ki-16x12.jpg 16w, https:\/\/harztor-erlebenswert.de\/wp-content\/uploads\/2025\/12\/ruhe-2_ki-600x450.jpg 600w\" sizes=\"(max-width: 640px) 100vw, 640px\" \/>\t\t\t\t\t\t\t\t\t\t\t\t\t\t\t<\/div>\n\t\t\t\t<\/div>\n\t\t\t\t<\/div>\n\t\t<div class=\"elementor-element elementor-element-6bc7b61 e-con-full e-flex e-con e-child\" data-id=\"6bc7b61\" data-element_type=\"container\" data-e-type=\"container\">\n\t\t\t\t<div class=\"elementor-element elementor-element-faad5f9 elementor-widget elementor-widget-text-editor\" data-id=\"faad5f9\" data-element_type=\"widget\" data-e-type=\"widget\" data-widget_type=\"text-editor.default\">\n\t\t\t\t<div class=\"elementor-widget-container\">\n\t\t\t\t\t\t\t\t\t<p data-pm-slice=\"1 1 []\">\u00dcber 30 % der Menschen leiden an Schlafst\u00f6rungen. Das beeintr\u00e4chtigt nicht nur die Konzentration und Lebensfreude, sondern auch die Gesundheit. In Neustadt lernen Sie, wieder zur Ruhe zu kommen.<\/p>\t\t\t\t\t\t\t\t<\/div>\n\t\t\t\t<\/div>\n\t\t\t\t<\/div>\n\t\t\t\t\t<\/div>\n\t\t\t\t<\/div>\n\t\t<div class=\"elementor-element elementor-element-64cf7b8 e-flex e-con-boxed e-con e-parent\" data-id=\"64cf7b8\" data-element_type=\"container\" data-e-type=\"container\">\n\t\t\t\t\t<div class=\"e-con-inner\">\n\t\t\t\t<div class=\"elementor-element elementor-element-0a606dc elementor-widget elementor-widget-heading\" data-id=\"0a606dc\" data-element_type=\"widget\" data-e-type=\"widget\" data-widget_type=\"heading.default\">\n\t\t\t\t<div class=\"elementor-widget-container\">\n\t\t\t\t\t<h2 class=\"elementor-heading-title elementor-size-default\">Experten an Ihrer Seite<\/h2>\t\t\t\t<\/div>\n\t\t\t\t<\/div>\n\t\t\t\t\t<\/div>\n\t\t\t\t<\/div>\n\t\t<div class=\"elementor-element elementor-element-1a2da35 e-flex e-con-boxed e-con e-parent\" data-id=\"1a2da35\" data-element_type=\"container\" data-e-type=\"container\">\n\t\t\t\t\t<div class=\"e-con-inner\">\n\t\t<div class=\"elementor-element elementor-element-08abe7d e-con-full e-flex e-con e-child\" data-id=\"08abe7d\" data-element_type=\"container\" data-e-type=\"container\">\n\t\t\t\t<div class=\"elementor-element elementor-element-26c4492 elementor-widget elementor-widget-text-editor\" data-id=\"26c4492\" data-element_type=\"widget\" data-e-type=\"widget\" data-widget_type=\"text-editor.default\">\n\t\t\t\t<div class=\"elementor-widget-container\">\n\t\t\t\t\t\t\t\t\t<p data-path-to-node=\"4,2\">Schlaftabletten sind keine Dauerl\u00f6sung. Unser interdisziplin\u00e4res Team aus Kur\u00e4rzten, Mind-Body-Therapeuten und Somnologen (Schlafmedizinern) geht den Ursachen auf den Grund. Wir bieten umfangreiche Diagnostik \u2013 bis hin zum Schlaflabor. <i>Bild:<\/i> Beratungssituation (\u00e4hnlich Pneumokur, aber Fokus auf Ruhe\/Gespr\u00e4ch).<\/p>\t\t\t\t\t\t\t\t<\/div>\n\t\t\t\t<\/div>\n\t\t\t\t<\/div>\n\t\t<div class=\"elementor-element elementor-element-61d3983 e-con-full e-flex e-con e-child\" data-id=\"61d3983\" data-element_type=\"container\" data-e-type=\"container\">\n\t\t\t\t<div class=\"elementor-element elementor-element-2dfbc97 elementor-widget elementor-widget-image\" data-id=\"2dfbc97\" data-element_type=\"widget\" data-e-type=\"widget\" data-widget_type=\"image.default\">\n\t\t\t\t<div class=\"elementor-widget-container\">\n\t\t\t\t\t\t\t\t\t\t\t\t\t\t\t<img decoding=\"async\" width=\"1024\" height=\"768\" src=\"https:\/\/harztor-erlebenswert.de\/wp-content\/uploads\/2025\/12\/experte_ki.jpg\" class=\"attachment-full size-full wp-image-4098\" alt=\"\u00c4rztliche Beratung und Diagnostik bei Schlafst\u00f6rungen im Kurort Neustadt\" srcset=\"https:\/\/harztor-erlebenswert.de\/wp-content\/uploads\/2025\/12\/experte_ki.jpg 1024w, https:\/\/harztor-erlebenswert.de\/wp-content\/uploads\/2025\/12\/experte_ki-300x225.jpg 300w, https:\/\/harztor-erlebenswert.de\/wp-content\/uploads\/2025\/12\/experte_ki-768x576.jpg 768w, https:\/\/harztor-erlebenswert.de\/wp-content\/uploads\/2025\/12\/experte_ki-16x12.jpg 16w, https:\/\/harztor-erlebenswert.de\/wp-content\/uploads\/2025\/12\/experte_ki-600x450.jpg 600w\" sizes=\"(max-width: 1024px) 100vw, 1024px\" \/>\t\t\t\t\t\t\t\t\t\t\t\t\t\t\t<\/div>\n\t\t\t\t<\/div>\n\t\t\t\t<\/div>\n\t\t\t\t\t<\/div>\n\t\t\t\t<\/div>\n\t\t<div class=\"elementor-element elementor-element-43f071f e-flex e-con-boxed e-con e-parent\" data-id=\"43f071f\" data-element_type=\"container\" data-e-type=\"container\">\n\t\t\t\t\t<div class=\"e-con-inner\">\n\t\t\t\t<div class=\"elementor-element elementor-element-80a2d07 elementor-widget elementor-widget-heading\" data-id=\"80a2d07\" data-element_type=\"widget\" data-e-type=\"widget\" data-widget_type=\"heading.default\">\n\t\t\t\t<div class=\"elementor-widget-container\">\n\t\t\t\t\t<h2 class=\"elementor-heading-title elementor-size-default\">Mind-Body-Medicine<\/h2>\t\t\t\t<\/div>\n\t\t\t\t<\/div>\n\t\t\t\t\t<\/div>\n\t\t\t\t<\/div>\n\t\t<div class=\"elementor-element elementor-element-6429742 e-flex e-con-boxed e-con e-parent\" data-id=\"6429742\" data-element_type=\"container\" data-e-type=\"container\">\n\t\t\t\t\t<div class=\"e-con-inner\">\n\t\t<div class=\"elementor-element elementor-element-a716e7c e-con-full e-flex e-con e-child\" data-id=\"a716e7c\" data-element_type=\"container\" data-e-type=\"container\">\n\t\t\t\t<div class=\"elementor-element elementor-element-7461d97 elementor-widget elementor-widget-image\" data-id=\"7461d97\" data-element_type=\"widget\" data-e-type=\"widget\" data-widget_type=\"image.default\">\n\t\t\t\t<div class=\"elementor-widget-container\">\n\t\t\t\t\t\t\t\t\t\t\t\t\t\t\t<img decoding=\"async\" width=\"1024\" height=\"768\" src=\"https:\/\/harztor-erlebenswert.de\/wp-content\/uploads\/2025\/12\/entspannung_ki.jpg\" class=\"attachment-full size-full wp-image-4097\" alt=\"Entspannungs\u00fcbungen im Freien als Teil der Mind-Body-Medizin im S\u00fcdharz\" srcset=\"https:\/\/harztor-erlebenswert.de\/wp-content\/uploads\/2025\/12\/entspannung_ki.jpg 1024w, https:\/\/harztor-erlebenswert.de\/wp-content\/uploads\/2025\/12\/entspannung_ki-300x225.jpg 300w, https:\/\/harztor-erlebenswert.de\/wp-content\/uploads\/2025\/12\/entspannung_ki-768x576.jpg 768w, https:\/\/harztor-erlebenswert.de\/wp-content\/uploads\/2025\/12\/entspannung_ki-16x12.jpg 16w, https:\/\/harztor-erlebenswert.de\/wp-content\/uploads\/2025\/12\/entspannung_ki-600x450.jpg 600w\" sizes=\"(max-width: 1024px) 100vw, 1024px\" \/>\t\t\t\t\t\t\t\t\t\t\t\t\t\t\t<\/div>\n\t\t\t\t<\/div>\n\t\t\t\t<\/div>\n\t\t<div class=\"elementor-element elementor-element-ae745ef e-con-full e-flex e-con e-child\" data-id=\"ae745ef\" data-element_type=\"container\" data-e-type=\"container\">\n\t\t\t\t<div class=\"elementor-element elementor-element-35ce39f elementor-widget elementor-widget-text-editor\" data-id=\"35ce39f\" data-element_type=\"widget\" data-e-type=\"widget\" data-widget_type=\"text-editor.default\">\n\t\t\t\t<div class=\"elementor-widget-container\">\n\t\t\t\t\t\t\t\t\t<p data-path-to-node=\"9\">Wir setzen auf das bew\u00e4hrte Essener Modell der Mind-Body-Medizin. Sie erlernen Techniken zur Stressbew\u00e4ltigung, Schlafhygiene und Entspannung, die Sie zu Hause weiterf\u00fchren k\u00f6nnen. <i>Bild:<\/i> Entspannungs\u00fcbung oder Yoga\/Meditation (sanft).<\/p>\t\t\t\t\t\t\t\t<\/div>\n\t\t\t\t<\/div>\n\t\t\t\t<\/div>\n\t\t\t\t\t<\/div>\n\t\t\t\t<\/div>\n\t\t<div class=\"elementor-element elementor-element-89fe5da e-flex e-con-boxed e-con e-parent\" data-id=\"89fe5da\" data-element_type=\"container\" data-e-type=\"container\">\n\t\t\t\t\t<div class=\"e-con-inner\">\n\t\t\t\t<div class=\"elementor-element elementor-element-9306ad3 elementor-widget elementor-widget-heading\" data-id=\"9306ad3\" data-element_type=\"widget\" data-e-type=\"widget\" data-widget_type=\"heading.default\">\n\t\t\t\t<div class=\"elementor-widget-container\">\n\t\t\t\t\t<h2 class=\"elementor-heading-title elementor-size-default\">Wann hilft die Schlafkur?<\/h2>\t\t\t\t<\/div>\n\t\t\t\t<\/div>\n\t\t\t\t\t<\/div>\n\t\t\t\t<\/div>\n\t\t<div class=\"elementor-element elementor-element-9bada9c e-flex e-con-boxed e-con e-parent\" data-id=\"9bada9c\" data-element_type=\"container\" data-e-type=\"container\">\n\t\t\t\t\t<div class=\"e-con-inner\">\n\t\t\t\t<div class=\"elementor-element elementor-element-83ae6c2 elementor-widget elementor-widget-n-accordion\" data-id=\"83ae6c2\" data-element_type=\"widget\" data-e-type=\"widget\" data-settings=\"{&quot;default_state&quot;:&quot;expanded&quot;,&quot;max_items_expended&quot;:&quot;one&quot;,&quot;n_accordion_animation_duration&quot;:{&quot;unit&quot;:&quot;ms&quot;,&quot;size&quot;:400,&quot;sizes&quot;:[]}}\" data-widget_type=\"nested-accordion.default\">\n\t\t\t\t<div class=\"elementor-widget-container\">\n\t\t\t\t\t\t\t<div class=\"e-n-accordion\" aria-label=\"Accordion. Open links with Enter or Space, close with Escape, and navigate with Arrow Keys\">\n\t\t\t\t\t\t<details id=\"e-n-accordion-item-1380\" class=\"e-n-accordion-item\" open>\n\t\t\t\t<summary class=\"e-n-accordion-item-title\" data-accordion-index=\"1\" tabindex=\"0\" aria-expanded=\"true\" aria-controls=\"e-n-accordion-item-1380\" >\n\t\t\t\t\t<span class='e-n-accordion-item-title-header'><div class=\"e-n-accordion-item-title-text\"> Einschlafst\u00f6rungen (Insomnie) <\/div><\/span>\n\t\t\t\t\t\t\t<span class='e-n-accordion-item-title-icon'>\n\t\t\t<span class='e-opened' ><svg aria-hidden=\"true\" class=\"e-font-icon-svg e-fas-minus\" viewbox=\"0 0 448 512\" xmlns=\"http:\/\/www.w3.org\/2000\/svg\"><path d=\"M416 208H32c-17.67 0-32 14.33-32 32v32c0 17.67 14.33 32 32 32h384c17.67 0 32-14.33 32-32v-32c0-17.67-14.33-32-32-32z\"><\/path><\/svg><\/span>\n\t\t\t<span class='e-closed'><svg aria-hidden=\"true\" class=\"e-font-icon-svg e-fas-plus\" viewbox=\"0 0 448 512\" xmlns=\"http:\/\/www.w3.org\/2000\/svg\"><path d=\"M416 208H272V64c0-17.67-14.33-32-32-32h-32c-17.67 0-32 14.33-32 32v144H32c-17.67 0-32 14.33-32 32v32c0 17.67 14.33 32 32 32h144v144c0 17.67 14.33 32 32 32h32c17.67 0 32-14.33 32-32V304h144c17.67 0 32-14.33 32-32v-32c0-17.67-14.33-32-32-32z\"><\/path><\/svg><\/span>\n\t\t<\/span>\n\n\t\t\t\t\t\t<\/summary>\n\t\t\t\t<div role=\"region\" aria-labelledby=\"e-n-accordion-item-1380\" class=\"elementor-element elementor-element-97a75ea e-con-full e-flex e-con e-child\" data-id=\"97a75ea\" data-element_type=\"container\" data-e-type=\"container\">\n\t\t\t\t<div class=\"elementor-element elementor-element-71f202c elementor-widget elementor-widget-text-editor\" data-id=\"71f202c\" data-element_type=\"widget\" data-e-type=\"widget\" data-widget_type=\"text-editor.default\">\n\t\t\t\t<div class=\"elementor-widget-container\">\n\t\t\t\t\t\t\t\t\t<p>Wenn sich das Gedankenkarussell dreht und Sie trotz M\u00fcdigkeit stundenlang wach liegen. Oft verhindern Stress und innere Unruhe das &#8222;Abschalten&#8220;. In der Kur lernen Sie wirksame Techniken, um den Tag loszulassen und schneller in die Ruhephase zu finden.<\/p>\t\t\t\t\t\t\t\t<\/div>\n\t\t\t\t<\/div>\n\t\t\t\t<\/div>\n\t\t\t\t\t<\/details>\n\t\t\t\t\t\t<details id=\"e-n-accordion-item-1381\" class=\"e-n-accordion-item\" >\n\t\t\t\t<summary class=\"e-n-accordion-item-title\" data-accordion-index=\"2\" tabindex=\"-1\" aria-expanded=\"false\" aria-controls=\"e-n-accordion-item-1381\" >\n\t\t\t\t\t<span class='e-n-accordion-item-title-header'><div class=\"e-n-accordion-item-title-text\"> Durchschlafst\u00f6rungen <\/div><\/span>\n\t\t\t\t\t\t\t<span class='e-n-accordion-item-title-icon'>\n\t\t\t<span class='e-opened' ><svg aria-hidden=\"true\" class=\"e-font-icon-svg e-fas-minus\" viewbox=\"0 0 448 512\" xmlns=\"http:\/\/www.w3.org\/2000\/svg\"><path d=\"M416 208H32c-17.67 0-32 14.33-32 32v32c0 17.67 14.33 32 32 32h384c17.67 0 32-14.33 32-32v-32c0-17.67-14.33-32-32-32z\"><\/path><\/svg><\/span>\n\t\t\t<span class='e-closed'><svg aria-hidden=\"true\" class=\"e-font-icon-svg e-fas-plus\" viewbox=\"0 0 448 512\" xmlns=\"http:\/\/www.w3.org\/2000\/svg\"><path d=\"M416 208H272V64c0-17.67-14.33-32-32-32h-32c-17.67 0-32 14.33-32 32v144H32c-17.67 0-32 14.33-32 32v32c0 17.67 14.33 32 32 32h144v144c0 17.67 14.33 32 32 32h32c17.67 0 32-14.33 32-32V304h144c17.67 0 32-14.33 32-32v-32c0-17.67-14.33-32-32-32z\"><\/path><\/svg><\/span>\n\t\t<\/span>\n\n\t\t\t\t\t\t<\/summary>\n\t\t\t\t<div role=\"region\" aria-labelledby=\"e-n-accordion-item-1381\" class=\"elementor-element elementor-element-a556c02 e-con-full e-flex e-con e-child\" data-id=\"a556c02\" data-element_type=\"container\" data-e-type=\"container\">\n\t\t\t\t<div class=\"elementor-element elementor-element-99cfcee elementor-widget elementor-widget-text-editor\" data-id=\"99cfcee\" data-element_type=\"widget\" data-e-type=\"widget\" data-widget_type=\"text-editor.default\">\n\t\t\t\t<div class=\"elementor-widget-container\">\n\t\t\t\t\t\t\t\t\t<p>Wer nachts h\u00e4ufig aufwacht und lange wach liegt, verliert wertvolle Tiefschlafphasen. Der Schlaf ist fragmentiert und nicht erholsam. Unser Ziel ist es, Ihre Schlafarchitektur zu stabilisieren, damit Sie die Nacht wieder zur Erholung nutzen k\u00f6nnen.<\/p>\t\t\t\t\t\t\t\t<\/div>\n\t\t\t\t<\/div>\n\t\t\t\t<\/div>\n\t\t\t\t\t<\/details>\n\t\t\t\t\t\t<details id=\"e-n-accordion-item-1382\" class=\"e-n-accordion-item\" >\n\t\t\t\t<summary class=\"e-n-accordion-item-title\" data-accordion-index=\"3\" tabindex=\"-1\" aria-expanded=\"false\" aria-controls=\"e-n-accordion-item-1382\" >\n\t\t\t\t\t<span class='e-n-accordion-item-title-header'><div class=\"e-n-accordion-item-title-text\"> Tagesm\u00fcdigkeit &amp; Ersch\u00f6pfung <\/div><\/span>\n\t\t\t\t\t\t\t<span class='e-n-accordion-item-title-icon'>\n\t\t\t<span class='e-opened' ><svg aria-hidden=\"true\" class=\"e-font-icon-svg e-fas-minus\" viewbox=\"0 0 448 512\" xmlns=\"http:\/\/www.w3.org\/2000\/svg\"><path d=\"M416 208H32c-17.67 0-32 14.33-32 32v32c0 17.67 14.33 32 32 32h384c17.67 0 32-14.33 32-32v-32c0-17.67-14.33-32-32-32z\"><\/path><\/svg><\/span>\n\t\t\t<span class='e-closed'><svg aria-hidden=\"true\" class=\"e-font-icon-svg e-fas-plus\" viewbox=\"0 0 448 512\" xmlns=\"http:\/\/www.w3.org\/2000\/svg\"><path d=\"M416 208H272V64c0-17.67-14.33-32-32-32h-32c-17.67 0-32 14.33-32 32v144H32c-17.67 0-32 14.33-32 32v32c0 17.67 14.33 32 32 32h144v144c0 17.67 14.33 32 32 32h32c17.67 0 32-14.33 32-32V304h144c17.67 0 32-14.33 32-32v-32c0-17.67-14.33-32-32-32z\"><\/path><\/svg><\/span>\n\t\t<\/span>\n\n\t\t\t\t\t\t<\/summary>\n\t\t\t\t<div role=\"region\" aria-labelledby=\"e-n-accordion-item-1382\" class=\"elementor-element elementor-element-c06ac54 e-con-full e-flex e-con e-child\" data-id=\"c06ac54\" data-element_type=\"container\" data-e-type=\"container\">\n\t\t\t\t<div class=\"elementor-element elementor-element-91dbd5d elementor-widget elementor-widget-text-editor\" data-id=\"91dbd5d\" data-element_type=\"widget\" data-e-type=\"widget\" data-widget_type=\"text-editor.default\">\n\t\t\t\t<div class=\"elementor-widget-container\">\n\t\t\t\t\t\t\t\t\t<p>F\u00fchlen Sie sich schon morgens wie ger\u00e4dert? Wenn Konzentration, Leistungsf\u00e4higkeit und Stimmung leiden, ist das oft ein Zeichen f\u00fcr eine unerkannt schlechte Schlafqualit\u00e4t oder chronische \u00dcberlastung. Wir helfen Ihnen, Ihre Energiereserven wieder aufzuf\u00fcllen.<\/p>\t\t\t\t\t\t\t\t<\/div>\n\t\t\t\t<\/div>\n\t\t\t\t<\/div>\n\t\t\t\t\t<\/details>\n\t\t\t\t\t<\/div>\n\t\t\t\t\t\t<\/div>\n\t\t\t\t<\/div>\n\t\t\t\t\t<\/div>\n\t\t\t\t<\/div>\n\t\t<div class=\"elementor-element elementor-element-ae89912 e-con-full e-flex elementor-invisible e-con e-parent\" data-id=\"ae89912\" data-element_type=\"container\" data-e-type=\"container\" data-settings=\"{&quot;background_background&quot;:&quot;classic&quot;,&quot;animation&quot;:&quot;fadeInUp&quot;}\">\n\t\t<div class=\"elementor-element elementor-element-e8250f7 e-con-full e-flex e-con e-child\" data-id=\"e8250f7\" data-element_type=\"container\" data-e-type=\"container\">\n\t\t\t\t<div class=\"elementor-element elementor-element-e15e9bb elementor-widget elementor-widget-text-editor\" data-id=\"e15e9bb\" data-element_type=\"widget\" data-e-type=\"widget\" data-widget_type=\"text-editor.default\">\n\t\t\t\t<div class=\"elementor-widget-container\">\n\t\t\t\t\t\t\t\t\t<p data-start=\"2100\" data-end=\"2537\">All information about the sleep cure and booking options can be found on the website<\/p>\t\t\t\t\t\t\t\t<\/div>\n\t\t\t\t<\/div>\n\t\t\t\t<div class=\"elementor-element elementor-element-b7a59c0 elementor-widget elementor-widget-text-editor\" data-id=\"b7a59c0\" data-element_type=\"widget\" data-e-type=\"widget\" data-widget_type=\"text-editor.default\">\n\t\t\t\t<div class=\"elementor-widget-container\">\n\t\t\t\t\t\t\t\t\t<h2 style=\"text-align: center;\" data-start=\"2060\" data-end=\"2099\"><a href=\"http:\/\/www.pneumokur.de\/schlafkur.html\" target=\"_blank\" rel=\"noopener\"><span style=\"color: #ffffff;\">www.pneumokur.de\/schlafkur.html<\/span><\/a><\/h2>\t\t\t\t\t\t\t\t<\/div>\n\t\t\t\t<\/div>\n\t\t\t\t<\/div>\n\t\t<div class=\"elementor-element elementor-element-9bedfa8 e-con-full e-flex e-con e-child\" data-id=\"9bedfa8\" data-element_type=\"container\" data-e-type=\"container\">\n\t\t\t\t<div class=\"elementor-element elementor-element-df0268b elementor-widget elementor-widget-image\" data-id=\"df0268b\" data-element_type=\"widget\" data-e-type=\"widget\" data-widget_type=\"image.default\">\n\t\t\t\t<div class=\"elementor-widget-container\">\n\t\t\t\t\t\t\t\t\t\t\t\t\t\t\t<img decoding=\"async\" src=\"https:\/\/pneumokur.de\/template\/pneumokur\/pix\/logo.svg\" title=\"\" alt=\"\" loading=\"lazy\" \/>\t\t\t\t\t\t\t\t\t\t\t\t\t\t\t<\/div>\n\t\t\t\t<\/div>\n\t\t\t\t<div class=\"elementor-element elementor-element-caea319 elementor-widget elementor-widget-heading\" data-id=\"caea319\" data-element_type=\"widget\" data-e-type=\"widget\" data-widget_type=\"heading.default\">\n\t\t\t\t<div class=\"elementor-widget-container\">\n\t\t\t\t\t<h2 class=\"elementor-heading-title elementor-size-default\">Sleep cure<\/h2>\t\t\t\t<\/div>\n\t\t\t\t<\/div>\n\t\t\t\t<\/div>\n\t\t\t\t<\/div>\n\t\t\t\t<\/div>","protected":false},"excerpt":{"rendered":"<p>Endlich wieder durchschlafen \u00dcber 30 % der Menschen leiden an Schlafst\u00f6rungen. Das beeintr\u00e4chtigt nicht nur die Konzentration und Lebensfreude, sondern auch die Gesundheit. In Neustadt lernen Sie, wieder zur Ruhe zu kommen. Experten an Ihrer Seite Schlaftabletten sind keine Dauerl\u00f6sung. Unser interdisziplin\u00e4res Team aus Kur\u00e4rzten, Mind-Body-Therapeuten und Somnologen (Schlafmedizinern) geht den Ursachen auf den Grund. [&hellip;]<\/p>\n","protected":false},"author":1,"featured_media":0,"parent":1575,"menu_order":0,"comment_status":"closed","ping_status":"closed","template":"","meta":{"_acf_changed":false,"footnotes":""},"class_list":["post-1743","page","type-page","status-publish","hentry"],"acf":[],"_links":{"self":[{"href":"https:\/\/harztor-erlebenswert.de\/en\/wp-json\/wp\/v2\/pages\/1743","targetHints":{"allow":["GET"]}}],"collection":[{"href":"https:\/\/harztor-erlebenswert.de\/en\/wp-json\/wp\/v2\/pages"}],"about":[{"href":"https:\/\/harztor-erlebenswert.de\/en\/wp-json\/wp\/v2\/types\/page"}],"author":[{"embeddable":true,"href":"https:\/\/harztor-erlebenswert.de\/en\/wp-json\/wp\/v2\/users\/1"}],"replies":[{"embeddable":true,"href":"https:\/\/harztor-erlebenswert.de\/en\/wp-json\/wp\/v2\/comments?post=1743"}],"version-history":[{"count":25,"href":"https:\/\/harztor-erlebenswert.de\/en\/wp-json\/wp\/v2\/pages\/1743\/revisions"}],"predecessor-version":[{"id":4105,"href":"https:\/\/harztor-erlebenswert.de\/en\/wp-json\/wp\/v2\/pages\/1743\/revisions\/4105"}],"up":[{"embeddable":true,"href":"https:\/\/harztor-erlebenswert.de\/en\/wp-json\/wp\/v2\/pages\/1575"}],"wp:attachment":[{"href":"https:\/\/harztor-erlebenswert.de\/en\/wp-json\/wp\/v2\/media?parent=1743"}],"curies":[{"name":"wp","href":"https:\/\/api.w.org\/{rel}","templated":true}]}}