{"id":3425,"date":"2025-12-10T08:27:14","date_gmt":"2025-12-10T08:27:14","guid":{"rendered":"https:\/\/harztor-erlebenswert.de\/?page_id=3425"},"modified":"2026-03-22T08:09:26","modified_gmt":"2026-03-22T07:09:26","slug":"ueber-berg-und-tal","status":"publish","type":"page","link":"https:\/\/harztor-erlebenswert.de\/en\/ueber-berg-und-tal\/","title":{"rendered":"Over hill and dale"},"content":{"rendered":"<div data-elementor-type=\"wp-page\" data-elementor-id=\"3425\" class=\"elementor elementor-3425\" data-elementor-post-type=\"page\">\n\t\t\t\t<div class=\"elementor-element elementor-element-2c18c13 e-flex e-con-boxed elementor-invisible e-con e-parent\" data-id=\"2c18c13\" data-element_type=\"container\" data-e-type=\"container\" data-settings=\"{&quot;animation&quot;:&quot;fadeInUp&quot;}\">\n\t\t\t\t\t<div class=\"e-con-inner\">\n\t\t<div class=\"elementor-element elementor-element-dcc60ac e-con-full e-flex e-con e-child\" data-id=\"dcc60ac\" data-element_type=\"container\" data-e-type=\"container\">\n\t\t\t\t<div class=\"elementor-element elementor-element-fb220b3 elementor-widget elementor-widget-heading\" data-id=\"fb220b3\" data-element_type=\"widget\" data-e-type=\"widget\" data-widget_type=\"heading.default\">\n\t\t\t\t<div class=\"elementor-widget-container\">\n\t\t\t\t\t<h1 class=\"elementor-heading-title elementor-size-default\">Harztor bewegt \u2013 Natur erleben im S\u00fcdharz<\/h1>\t\t\t\t<\/div>\n\t\t\t\t<\/div>\n\t\t\t\t<\/div>\n\t\t\t\t\t<\/div>\n\t\t\t\t<\/div>\n\t\t<div class=\"elementor-element elementor-element-ef199f6 e-flex e-con-boxed elementor-invisible e-con e-parent\" data-id=\"ef199f6\" data-element_type=\"container\" data-e-type=\"container\" data-settings=\"{&quot;animation&quot;:&quot;fadeInUp&quot;}\">\n\t\t\t\t\t<div class=\"e-con-inner\">\n\t\t<div class=\"elementor-element elementor-element-27bd19d e-con-full e-flex e-con e-child\" data-id=\"27bd19d\" data-element_type=\"container\" data-e-type=\"container\">\n\t\t\t\t<div class=\"elementor-element elementor-element-aabf971 elementor-widget elementor-widget-text-editor\" data-id=\"aabf971\" data-element_type=\"widget\" data-e-type=\"widget\" data-widget_type=\"text-editor.default\">\n\t\t\t\t<div class=\"elementor-widget-container\">\n\t\t\t\t\t\t\t\t\t<p data-path-to-node=\"6\">Ob Sie die Stille des Waldes suchen, sportliche Herausforderungen lieben oder mit der ganzen Familie auf Schatzsuche gehen wollen: In Harztor beginnt das Abenteuer direkt vor der Haust\u00fcr. Unsere Landschaft &#8222;\u00dcber Berg und Tal&#8220; verbindet den Heilklimatischen Kurort Neustadt mit den wildromantischen W\u00e4ldern rund um Ilfeld, Niedersachswerfen, Harzungen und Herrmannsacker.<\/p><p data-path-to-node=\"7\">Atmen Sie die reine Luft, genie\u00dfen Sie weite Ausblicke und finden Sie Ihren eigenen Weg. Hier sind unsere drei Welten f\u00fcr Ihre Auszeit.<\/p>\t\t\t\t\t\t\t\t<\/div>\n\t\t\t\t<\/div>\n\t\t\t\t<\/div>\n\t\t\t\t\t<\/div>\n\t\t\t\t<\/div>\n\t\t<div class=\"elementor-element elementor-element-441f50f e-flex e-con-boxed elementor-invisible e-con e-parent\" data-id=\"441f50f\" data-element_type=\"container\" data-e-type=\"container\" data-settings=\"{&quot;animation&quot;:&quot;fadeInUp&quot;}\">\n\t\t\t\t\t<div class=\"e-con-inner\">\n\t\t<div class=\"elementor-element elementor-element-68e207f e-con-full e-flex e-con e-child\" data-id=\"68e207f\" data-element_type=\"container\" data-e-type=\"container\">\n\t\t\t\t<div class=\"elementor-element elementor-element-abc989b elementor-widget elementor-widget-image\" data-id=\"abc989b\" data-element_type=\"widget\" data-e-type=\"widget\" data-widget_type=\"image.default\">\n\t\t\t\t<div class=\"elementor-widget-container\">\n\t\t\t\t\t\t\t\t\t\t\t\t\t\t\t\t<a href=\"https:\/\/harztor-erlebenswert.de\/en\/ueber-berg-und-tal\/zu-fuss\/\">\n\t\t\t\t\t\t\t<img fetchpriority=\"high\" decoding=\"async\" width=\"640\" height=\"640\" src=\"https:\/\/harztor-erlebenswert.de\/wp-content\/uploads\/2025\/12\/wandern_ki.jpg\" class=\"elementor-animation-grow-rotate attachment-large size-large wp-image-3623\" alt=\"\" srcset=\"https:\/\/harztor-erlebenswert.de\/wp-content\/uploads\/2025\/12\/wandern_ki.jpg 1024w, https:\/\/harztor-erlebenswert.de\/wp-content\/uploads\/2025\/12\/wandern_ki-300x300.jpg 300w, https:\/\/harztor-erlebenswert.de\/wp-content\/uploads\/2025\/12\/wandern_ki-150x150.jpg 150w, https:\/\/harztor-erlebenswert.de\/wp-content\/uploads\/2025\/12\/wandern_ki-768x768.jpg 768w, https:\/\/harztor-erlebenswert.de\/wp-content\/uploads\/2025\/12\/wandern_ki-12x12.jpg 12w, https:\/\/harztor-erlebenswert.de\/wp-content\/uploads\/2025\/12\/wandern_ki-400x400.jpg 400w, https:\/\/harztor-erlebenswert.de\/wp-content\/uploads\/2025\/12\/wandern_ki-100x100.jpg 100w, https:\/\/harztor-erlebenswert.de\/wp-content\/uploads\/2025\/12\/wandern_ki-600x600.jpg 600w\" sizes=\"(max-width: 640px) 100vw, 640px\" \/>\t\t\t\t\t\t\t\t<\/a>\n\t\t\t\t\t\t\t\t\t\t\t\t\t\t\t<\/div>\n\t\t\t\t<\/div>\n\t\t\t\t<\/div>\n\t\t<div class=\"elementor-element elementor-element-4373c55 e-con-full e-flex e-con e-child\" data-id=\"4373c55\" data-element_type=\"container\" data-e-type=\"container\">\n\t\t\t\t<div class=\"elementor-element elementor-element-9a58847 elementor-view-framed elementor-shape-square elementor-position-inline-start elementor-mobile-position-block-start elementor-widget elementor-widget-icon-box\" data-id=\"9a58847\" data-element_type=\"widget\" data-e-type=\"widget\" data-widget_type=\"icon-box.default\">\n\t\t\t\t<div class=\"elementor-widget-container\">\n\t\t\t\t\t\t\t<div class=\"elementor-icon-box-wrapper\">\n\n\t\t\t\t\t\t<div class=\"elementor-icon-box-icon\">\n\t\t\t\t<a href=\"https:\/\/harztor-erlebenswert.de\/en\/ueber-berg-und-tal\/zu-fuss\/\" class=\"elementor-icon elementor-animation-grow-rotate\" tabindex=\"-1\" aria-label=\"SCHRITT f\u00fcr Schritt zur Erholung\">\n\t\t\t\t<svg aria-hidden=\"true\" class=\"e-font-icon-svg e-fas-walking\" viewbox=\"0 0 320 512\" xmlns=\"http:\/\/www.w3.org\/2000\/svg\"><path d=\"M208 96c26.5 0 48-21.5 48-48S234.5 0 208 0s-48 21.5-48 48 21.5 48 48 48zm94.5 149.1l-23.3-11.8-9.7-29.4c-14.7-44.6-55.7-75.8-102.2-75.9-36-.1-55.9 10.1-93.3 25.2-21.6 8.7-39.3 25.2-49.7 46.2L17.6 213c-7.8 15.8-1.5 35 14.2 42.9 15.6 7.9 34.6 1.5 42.5-14.3L81 228c3.5-7 9.3-12.5 16.5-15.4l26.8-10.8-15.2 60.7c-5.2 20.8.4 42.9 14.9 58.8l59.9 65.4c7.2 7.9 12.3 17.4 14.9 27.7l18.3 73.3c4.3 17.1 21.7 27.6 38.8 23.3 17.1-4.3 27.6-21.7 23.3-38.8l-22.2-89c-2.6-10.3-7.7-19.9-14.9-27.7l-45.5-49.7 17.2-68.7 5.5 16.5c5.3 16.1 16.7 29.4 31.7 37l23.3 11.8c15.6 7.9 34.6 1.5 42.5-14.3 7.7-15.7 1.4-35.1-14.3-43zM73.6 385.8c-3.2 8.1-8 15.4-14.2 21.5l-50 50.1c-12.5 12.5-12.5 32.8 0 45.3s32.7 12.5 45.2 0l59.4-59.4c6.1-6.1 10.9-13.4 14.2-21.5l13.5-33.8c-55.3-60.3-38.7-41.8-47.4-53.7l-20.7 51.5z\"><\/path><\/svg>\t\t\t\t<\/a>\n\t\t\t<\/div>\n\t\t\t\n\t\t\t\t\t\t<div class=\"elementor-icon-box-content\">\n\n\t\t\t\t\t\t\t\t\t<h5 class=\"elementor-icon-box-title\">\n\t\t\t\t\t\t<a href=\"https:\/\/harztor-erlebenswert.de\/en\/ueber-berg-und-tal\/zu-fuss\/\" >\n\t\t\t\t\t\t\tSCHRITT f\u00fcr Schritt zur Erholung\t\t\t\t\t\t<\/a>\n\t\t\t\t\t<\/h5>\n\t\t\t\t\n\t\t\t\t\t\t\t\t\t<p class=\"elementor-icon-box-description\">\n\t\t\t\t\t\tVom sanften Spaziergang im Kurpark bis zur ausgedehnten Tagestour durch die Buchenw\u00e4lder: Unsere Wanderwege sind so vielf\u00e4ltig wie die Landschaft selbst. Entdecken Sie unsere zertifizierten Kurterrainwege in Neustadt, die speziell f\u00fcr die Gesundheit und Herz-Kreislauf-Fitness konzipiert sind, oder erkunden Sie historische Pfade zu Burgruinen und Aussichtspunkten. Egal ob 2 Kilometer oder 20 \u2013 hier finden Sie den Weg, der zu Ihrem Tempo passt.\t\t\t\t\t<\/p>\n\t\t\t\t\n\t\t\t<\/div>\n\t\t\t\n\t\t<\/div>\n\t\t\t\t\t\t<\/div>\n\t\t\t\t<\/div>\n\t\t\t\t<\/div>\n\t\t\t\t\t<\/div>\n\t\t\t\t<\/div>\n\t\t<div class=\"elementor-element elementor-element-971a025 e-flex e-con-boxed elementor-invisible e-con e-parent\" data-id=\"971a025\" data-element_type=\"container\" data-e-type=\"container\" data-settings=\"{&quot;animation&quot;:&quot;fadeInUp&quot;,&quot;background_background&quot;:&quot;gradient&quot;,&quot;shape_divider_top&quot;:&quot;mountains&quot;,&quot;shape_divider_bottom&quot;:&quot;mountains&quot;}\">\n\t\t\t\t\t<div class=\"e-con-inner\">\n\t\t\t\t<div class=\"elementor-shape elementor-shape-top\" aria-hidden=\"true\" data-negative=\"false\">\n\t\t\t<svg xmlns=\"http:\/\/www.w3.org\/2000\/svg\" viewbox=\"0 0 1000 100\" preserveaspectratio=\"none\">\n\t<path class=\"elementor-shape-fill\" opacity=\"0.33\" d=\"M473,67.3c-203.9,88.3-263.1-34-320.3,0C66,119.1,0,59.7,0,59.7V0h1000v59.7 c0,0-62.1,26.1-94.9,29.3c-32.8,3.3-62.8-12.3-75.8-22.1C806,49.6,745.3,8.7,694.9,4.7S492.4,59,473,67.3z\"\/>\n\t<path class=\"elementor-shape-fill\" opacity=\"0.66\" d=\"M734,67.3c-45.5,0-77.2-23.2-129.1-39.1c-28.6-8.7-150.3-10.1-254,39.1 s-91.7-34.4-149.2,0C115.7,118.3,0,39.8,0,39.8V0h1000v36.5c0,0-28.2-18.5-92.1-18.5C810.2,18.1,775.7,67.3,734,67.3z\"\/>\n\t<path class=\"elementor-shape-fill\" d=\"M766.1,28.9c-200-57.5-266,65.5-395.1,19.5C242,1.8,242,5.4,184.8,20.6C128,35.8,132.3,44.9,89.9,52.5C28.6,63.7,0,0,0,0 h1000c0,0-9.9,40.9-83.6,48.1S829.6,47,766.1,28.9z\"\/>\n<\/svg>\t\t<\/div>\n\t\t\t\t<div class=\"elementor-shape elementor-shape-bottom\" aria-hidden=\"true\" data-negative=\"false\">\n\t\t\t<svg xmlns=\"http:\/\/www.w3.org\/2000\/svg\" viewbox=\"0 0 1000 100\" preserveaspectratio=\"none\">\n\t<path class=\"elementor-shape-fill\" opacity=\"0.33\" d=\"M473,67.3c-203.9,88.3-263.1-34-320.3,0C66,119.1,0,59.7,0,59.7V0h1000v59.7 c0,0-62.1,26.1-94.9,29.3c-32.8,3.3-62.8-12.3-75.8-22.1C806,49.6,745.3,8.7,694.9,4.7S492.4,59,473,67.3z\"\/>\n\t<path class=\"elementor-shape-fill\" opacity=\"0.66\" d=\"M734,67.3c-45.5,0-77.2-23.2-129.1-39.1c-28.6-8.7-150.3-10.1-254,39.1 s-91.7-34.4-149.2,0C115.7,118.3,0,39.8,0,39.8V0h1000v36.5c0,0-28.2-18.5-92.1-18.5C810.2,18.1,775.7,67.3,734,67.3z\"\/>\n\t<path class=\"elementor-shape-fill\" d=\"M766.1,28.9c-200-57.5-266,65.5-395.1,19.5C242,1.8,242,5.4,184.8,20.6C128,35.8,132.3,44.9,89.9,52.5C28.6,63.7,0,0,0,0 h1000c0,0-9.9,40.9-83.6,48.1S829.6,47,766.1,28.9z\"\/>\n<\/svg>\t\t<\/div>\n\t\t<div class=\"elementor-element elementor-element-59beade e-con-full e-flex e-con e-child\" data-id=\"59beade\" data-element_type=\"container\" data-e-type=\"container\" data-settings=\"{&quot;background_background&quot;:&quot;classic&quot;}\">\n\t\t\t\t<div class=\"elementor-element elementor-element-ae2263c elementor-view-framed elementor-shape-square elementor-position-inline-start elementor-mobile-position-block-start elementor-widget elementor-widget-icon-box\" data-id=\"ae2263c\" data-element_type=\"widget\" data-e-type=\"widget\" data-widget_type=\"icon-box.default\">\n\t\t\t\t<div class=\"elementor-widget-container\">\n\t\t\t\t\t\t\t<div class=\"elementor-icon-box-wrapper\">\n\n\t\t\t\t\t\t<div class=\"elementor-icon-box-icon\">\n\t\t\t\t<a href=\"https:\/\/harztor-erlebenswert.de\/en\/ueber-berg-und-tal\/mit-dem-rad\/\" class=\"elementor-icon elementor-animation-grow-rotate\" tabindex=\"-1\" aria-label=\"AUF zwei R\u00e4dern durch den S\u00fcdharz\">\n\t\t\t\t<i aria-hidden=\"true\" class=\"mdi mdi-bike\"><\/i>\t\t\t\t<\/a>\n\t\t\t<\/div>\n\t\t\t\n\t\t\t\t\t\t<div class=\"elementor-icon-box-content\">\n\n\t\t\t\t\t\t\t\t\t<h5 class=\"elementor-icon-box-title\">\n\t\t\t\t\t\t<a href=\"https:\/\/harztor-erlebenswert.de\/en\/ueber-berg-und-tal\/mit-dem-rad\/\" >\n\t\t\t\t\t\t\tAUF zwei R\u00e4dern durch den S\u00fcdharz\t\t\t\t\t\t<\/a>\n\t\t\t\t\t<\/h5>\n\t\t\t\t\n\t\t\t\t\t\t\t\t\t<p class=\"elementor-icon-box-description\">\n\t\t\t\t\t\tF\u00fcr alle, die etwas mehr \"Strecke machen\" wollen: Harztor ist ideal f\u00fcr Radfahrer und E-Biker. Die Topografie bietet den perfekten Mix aus entspannten Tal-Wegen und knackigen Anstiegen f\u00fcr Mountainbiker. Fahren Sie durch dichte W\u00e4lder, verbinden Sie die Ortschaften auf dem Radweg oder powern Sie sich an den H\u00e4ngen des S\u00fcdharzes aus.\t\t\t\t\t<\/p>\n\t\t\t\t\n\t\t\t<\/div>\n\t\t\t\n\t\t<\/div>\n\t\t\t\t\t\t<\/div>\n\t\t\t\t<\/div>\n\t\t\t\t<\/div>\n\t\t<div class=\"elementor-element elementor-element-98a903b e-con-full e-flex e-con e-child\" data-id=\"98a903b\" data-element_type=\"container\" data-e-type=\"container\">\n\t\t\t\t<div class=\"elementor-element elementor-element-1fe62a5 elementor-widget elementor-widget-image\" data-id=\"1fe62a5\" data-element_type=\"widget\" data-e-type=\"widget\" data-widget_type=\"image.default\">\n\t\t\t\t<div class=\"elementor-widget-container\">\n\t\t\t\t\t\t\t\t\t\t\t\t\t\t\t<img decoding=\"async\" width=\"640\" height=\"640\" src=\"https:\/\/harztor-erlebenswert.de\/wp-content\/uploads\/2025\/12\/radfahren_ki.jpg\" class=\"elementor-animation-grow-rotate attachment-large size-large wp-image-3624\" alt=\"\" srcset=\"https:\/\/harztor-erlebenswert.de\/wp-content\/uploads\/2025\/12\/radfahren_ki.jpg 1024w, https:\/\/harztor-erlebenswert.de\/wp-content\/uploads\/2025\/12\/radfahren_ki-300x300.jpg 300w, https:\/\/harztor-erlebenswert.de\/wp-content\/uploads\/2025\/12\/radfahren_ki-150x150.jpg 150w, https:\/\/harztor-erlebenswert.de\/wp-content\/uploads\/2025\/12\/radfahren_ki-768x768.jpg 768w, https:\/\/harztor-erlebenswert.de\/wp-content\/uploads\/2025\/12\/radfahren_ki-12x12.jpg 12w, https:\/\/harztor-erlebenswert.de\/wp-content\/uploads\/2025\/12\/radfahren_ki-400x400.jpg 400w, https:\/\/harztor-erlebenswert.de\/wp-content\/uploads\/2025\/12\/radfahren_ki-100x100.jpg 100w, https:\/\/harztor-erlebenswert.de\/wp-content\/uploads\/2025\/12\/radfahren_ki-600x600.jpg 600w\" sizes=\"(max-width: 640px) 100vw, 640px\" \/>\t\t\t\t\t\t\t\t\t\t\t\t\t\t\t<\/div>\n\t\t\t\t<\/div>\n\t\t\t\t<\/div>\n\t\t\t\t\t<\/div>\n\t\t\t\t<\/div>\n\t\t<div class=\"elementor-element elementor-element-ce90eb1 e-flex e-con-boxed elementor-invisible e-con e-parent\" data-id=\"ce90eb1\" data-element_type=\"container\" data-e-type=\"container\" data-settings=\"{&quot;animation&quot;:&quot;fadeInUp&quot;}\">\n\t\t\t\t\t<div class=\"e-con-inner\">\n\t\t<div class=\"elementor-element elementor-element-00fd23d e-con-full e-flex e-con e-child\" data-id=\"00fd23d\" data-element_type=\"container\" data-e-type=\"container\">\n\t\t\t\t<div class=\"elementor-element elementor-element-1952217 elementor-widget elementor-widget-image\" data-id=\"1952217\" data-element_type=\"widget\" data-e-type=\"widget\" data-widget_type=\"image.default\">\n\t\t\t\t<div class=\"elementor-widget-container\">\n\t\t\t\t\t\t\t\t\t\t\t\t\t\t\t\t<a href=\"https:\/\/harztor-erlebenswert.de\/en\/ueber-berg-und-tal\/harztor-wanderkinder\/\">\n\t\t\t\t\t\t\t<img decoding=\"async\" width=\"640\" height=\"640\" src=\"https:\/\/harztor-erlebenswert.de\/wp-content\/uploads\/2025\/12\/lara-finn-wanderkinder.jpg\" class=\"elementor-animation-grow-rotate attachment-large size-large wp-image-3571\" alt=\"Die Harztor Wanderkinder Lara und Finn. KI-generiert, 3D-Animation\" srcset=\"https:\/\/harztor-erlebenswert.de\/wp-content\/uploads\/2025\/12\/lara-finn-wanderkinder.jpg 1024w, https:\/\/harztor-erlebenswert.de\/wp-content\/uploads\/2025\/12\/lara-finn-wanderkinder-300x300.jpg 300w, https:\/\/harztor-erlebenswert.de\/wp-content\/uploads\/2025\/12\/lara-finn-wanderkinder-150x150.jpg 150w, https:\/\/harztor-erlebenswert.de\/wp-content\/uploads\/2025\/12\/lara-finn-wanderkinder-768x768.jpg 768w, https:\/\/harztor-erlebenswert.de\/wp-content\/uploads\/2025\/12\/lara-finn-wanderkinder-12x12.jpg 12w, https:\/\/harztor-erlebenswert.de\/wp-content\/uploads\/2025\/12\/lara-finn-wanderkinder-400x400.jpg 400w, https:\/\/harztor-erlebenswert.de\/wp-content\/uploads\/2025\/12\/lara-finn-wanderkinder-100x100.jpg 100w, https:\/\/harztor-erlebenswert.de\/wp-content\/uploads\/2025\/12\/lara-finn-wanderkinder-600x600.jpg 600w\" sizes=\"(max-width: 640px) 100vw, 640px\" \/>\t\t\t\t\t\t\t\t<\/a>\n\t\t\t\t\t\t\t\t\t\t\t\t\t\t\t<\/div>\n\t\t\t\t<\/div>\n\t\t\t\t<\/div>\n\t\t<div class=\"elementor-element elementor-element-4bfd416 e-con-full e-flex e-con e-child\" data-id=\"4bfd416\" data-element_type=\"container\" data-e-type=\"container\">\n\t\t\t\t<div class=\"elementor-element elementor-element-db60179 elementor-view-framed elementor-shape-square elementor-position-inline-start elementor-mobile-position-block-start elementor-widget elementor-widget-icon-box\" data-id=\"db60179\" data-element_type=\"widget\" data-e-type=\"widget\" data-widget_type=\"icon-box.default\">\n\t\t\t\t<div class=\"elementor-widget-container\">\n\t\t\t\t\t\t\t<div class=\"elementor-icon-box-wrapper\">\n\n\t\t\t\t\t\t<div class=\"elementor-icon-box-icon\">\n\t\t\t\t<a href=\"https:\/\/harztor-erlebenswert.de\/en\/harztor-wanderkinder\/\" class=\"elementor-icon elementor-animation-grow-rotate\" tabindex=\"-1\" aria-label=\"DAS Abenteuer f\u00fcr kleine Entdecker\">\n\t\t\t\t<i aria-hidden=\"true\" class=\"icofont icofont-kid\"><\/i>\t\t\t\t<\/a>\n\t\t\t<\/div>\n\t\t\t\n\t\t\t\t\t\t<div class=\"elementor-icon-box-content\">\n\n\t\t\t\t\t\t\t\t\t<h5 class=\"elementor-icon-box-title\">\n\t\t\t\t\t\t<a href=\"https:\/\/harztor-erlebenswert.de\/en\/harztor-wanderkinder\/\" >\n\t\t\t\t\t\t\tDAS Abenteuer f\u00fcr kleine Entdecker\t\t\t\t\t\t<\/a>\n\t\t\t\t\t<\/h5>\n\t\t\t\t\n\t\t\t\t\t\t\t\t\t<p class=\"elementor-icon-box-description\">\n\t\t\t\t\t\tWandern ist langweilig? Nicht bei uns! Das Projekt \"Harztor Wanderkinder\" macht den Weg zum Spielplatz. Zusammen mit der Jugendfeuerwehr haben Kinder aus Harztor 31 spannende Stempelstellen in allen f\u00fcnf Ortschaften versteckt.\n\nSucht die bunt bemalten Stempelk\u00e4sten, holt euch die \"Flammen\" f\u00fcr euren Wanderpass und lernt die Region spielerisch kennen. Die Touren sind kindgerecht geplant \u2013 mal geht es zur \"Schaukelbank\", mal durchs \"Nadel\u00f6hr\" oder \u00fcber eine Kuhwiese. Wer sein Heft voll hat, bekommt einen Preis!\t\t\t\t\t<\/p>\n\t\t\t\t\n\t\t\t<\/div>\n\t\t\t\n\t\t<\/div>\n\t\t\t\t\t\t<\/div>\n\t\t\t\t<\/div>\n\t\t\t\t<\/div>\n\t\t\t\t\t<\/div>\n\t\t\t\t<\/div>\n\t\t<div class=\"elementor-element elementor-element-af00e5e e-flex e-con-boxed elementor-invisible e-con e-parent\" data-id=\"af00e5e\" data-element_type=\"container\" data-e-type=\"container\" data-settings=\"{&quot;animation&quot;:&quot;fadeInUp&quot;}\">\n\t\t\t\t\t<div class=\"e-con-inner\">\n\t\t<div class=\"elementor-element elementor-element-c9ed151 e-con-full e-flex e-con e-child\" data-id=\"c9ed151\" data-element_type=\"container\" data-e-type=\"container\">\n\t\t<div class=\"elementor-element elementor-element-e96d279 e-con-full e-flex e-con e-child\" data-id=\"e96d279\" data-element_type=\"container\" data-e-type=\"container\">\n\t\t\t\t<div class=\"elementor-element elementor-element-5715389 elementor-view-framed elementor-shape-square elementor-position-inline-start elementor-mobile-position-block-start elementor-widget elementor-widget-icon-box\" data-id=\"5715389\" data-element_type=\"widget\" data-e-type=\"widget\" data-widget_type=\"icon-box.default\">\n\t\t\t\t<div class=\"elementor-widget-container\">\n\t\t\t\t\t\t\t<div class=\"elementor-icon-box-wrapper\">\n\n\t\t\t\t\t\t<div class=\"elementor-icon-box-icon\">\n\t\t\t\t<a href=\"https:\/\/harztor-erlebenswert.de\/en\/baederdreieck-suedharz\/\" class=\"elementor-icon elementor-animation-grow-rotate\" tabindex=\"-1\" aria-label=\"S\u00dcDHARZ BATHING TRIANGLE with three fantastic outdoor pools\">\n\t\t\t\t<i aria-hidden=\"true\" class=\"mdi mdi-pool\"><\/i>\t\t\t\t<\/a>\n\t\t\t<\/div>\n\t\t\t\n\t\t\t\t\t\t<div class=\"elementor-icon-box-content\">\n\n\t\t\t\t\t\t\t\t\t<h5 class=\"elementor-icon-box-title\">\n\t\t\t\t\t\t<a href=\"https:\/\/harztor-erlebenswert.de\/en\/baederdreieck-suedharz\/\" >\n\t\t\t\t\t\t\tS\u00dcDHARZ BATHING TRIANGLE with three fantastic outdoor pools\t\t\t\t\t\t<\/a>\n\t\t\t\t\t<\/h5>\n\t\t\t\t\n\t\t\t\t\t\t\t\t\t<p class=\"elementor-icon-box-description\">\n\t\t\t\t\t\tTwo forest pools in Ilfeld and Neustadt, as well as a modern outdoor pool in Niedersachswerfen\u2014in Harztor, the choice is yours! Pure enjoyment and relaxation.\t\t\t\t\t<\/p>\n\t\t\t\t\n\t\t\t<\/div>\n\t\t\t\n\t\t<\/div>\n\t\t\t\t\t\t<\/div>\n\t\t\t\t<\/div>\n\t\t\t\t<\/div>\n\t\t<div class=\"elementor-element elementor-element-77216a0 e-con-full e-flex e-con e-child\" data-id=\"77216a0\" data-element_type=\"container\" data-e-type=\"container\">\n\t\t\t\t<div class=\"elementor-element elementor-element-9086c48 elementor-view-framed elementor-shape-square elementor-position-inline-start elementor-mobile-position-block-start elementor-widget elementor-widget-icon-box\" data-id=\"9086c48\" data-element_type=\"widget\" data-e-type=\"widget\" data-widget_type=\"icon-box.default\">\n\t\t\t\t<div class=\"elementor-widget-container\">\n\t\t\t\t\t\t\t<div class=\"elementor-icon-box-wrapper\">\n\n\t\t\t\t\t\t<div class=\"elementor-icon-box-icon\">\n\t\t\t\t<a href=\"https:\/\/harztor-erlebenswert.de\/en\/events\/\" class=\"elementor-icon elementor-animation-grow-rotate\" tabindex=\"-1\" aria-label=\"TICKET SALES and calendar of events\">\n\t\t\t\t<i aria-hidden=\"true\" class=\"icofont icofont-ticket\"><\/i>\t\t\t\t<\/a>\n\t\t\t<\/div>\n\t\t\t\n\t\t\t\t\t\t<div class=\"elementor-icon-box-content\">\n\n\t\t\t\t\t\t\t\t\t<h5 class=\"elementor-icon-box-title\">\n\t\t\t\t\t\t<a href=\"https:\/\/harztor-erlebenswert.de\/en\/events\/\" >\n\t\t\t\t\t\t\tTICKET SALES and calendar of events\t\t\t\t\t\t<\/a>\n\t\t\t\t\t<\/h5>\n\t\t\t\t\n\t\t\t\t\t\t\t\t\t<p class=\"elementor-icon-box-description\">\n\t\t\t\t\t\tThere's always something going on in Harztor! You can find all events in the <b>Event calendar<\/b>. You can purchase tickets for the events organized by us directly on site.\t\t\t\t\t<\/p>\n\t\t\t\t\n\t\t\t<\/div>\n\t\t\t\n\t\t<\/div>\n\t\t\t\t\t\t<\/div>\n\t\t\t\t<\/div>\n\t\t\t\t<\/div>\n\t\t<div class=\"elementor-element elementor-element-c025c8e e-con-full e-flex e-con e-child\" data-id=\"c025c8e\" data-element_type=\"container\" data-e-type=\"container\">\n\t\t\t\t<div class=\"elementor-element elementor-element-dfb413f elementor-view-framed elementor-shape-square elementor-position-inline-start elementor-mobile-position-block-start elementor-widget elementor-widget-icon-box\" data-id=\"dfb413f\" data-element_type=\"widget\" data-e-type=\"widget\" data-widget_type=\"icon-box.default\">\n\t\t\t\t<div class=\"elementor-widget-container\">\n\t\t\t\t\t\t\t<div class=\"elementor-icon-box-wrapper\">\n\n\t\t\t\t\t\t<div class=\"elementor-icon-box-icon\">\n\t\t\t\t<a href=\"https:\/\/harztor-erlebenswert.de\/en\/tourismus_objekt\/golfpark-neustadt\/\" class=\"elementor-icon elementor-animation-grow-rotate\" tabindex=\"-1\" aria-label=\"GOLFPARK Neustadt (9-hole course)\">\n\t\t\t\t<i aria-hidden=\"true\" class=\"icofont icofont-golf\"><\/i>\t\t\t\t<\/a>\n\t\t\t<\/div>\n\t\t\t\n\t\t\t\t\t\t<div class=\"elementor-icon-box-content\">\n\n\t\t\t\t\t\t\t\t\t<h5 class=\"elementor-icon-box-title\">\n\t\t\t\t\t\t<a href=\"https:\/\/harztor-erlebenswert.de\/en\/tourismus_objekt\/golfpark-neustadt\/\" >\n\t\t\t\t\t\t\tGOLFPARK Neustadt (9-hole course)\t\t\t\t\t\t<\/a>\n\t\t\t\t\t<\/h5>\n\t\t\t\t\n\t\t\t\t\t\t\t\t\t<p class=\"elementor-icon-box-description\">\n\t\t\t\t\t\tThere's always something going on in Harztor! You can find all events in the <b>Event calendar<\/b>. You can purchase tickets for the events organized by us directly on site.\t\t\t\t\t<\/p>\n\t\t\t\t\n\t\t\t<\/div>\n\t\t\t\n\t\t<\/div>\n\t\t\t\t\t\t<\/div>\n\t\t\t\t<\/div>\n\t\t\t\t<\/div>\n\t\t\t\t<\/div>\n\t\t\t\t\t<\/div>\n\t\t\t\t<\/div>\n\t\t\t\t<\/div>","protected":false},"excerpt":{"rendered":"<p>Harztor bewegt \u2013 Natur erleben im S\u00fcdharz Ob Sie die Stille des Waldes suchen, sportliche Herausforderungen lieben oder mit der ganzen Familie auf Schatzsuche gehen wollen: In Harztor beginnt das Abenteuer direkt vor der Haust\u00fcr. Unsere Landschaft &#8222;\u00dcber Berg und Tal&#8220; verbindet den Heilklimatischen Kurort Neustadt mit den wildromantischen W\u00e4ldern rund um Ilfeld, Niedersachswerfen, Harzungen [&hellip;]<\/p>\n","protected":false},"author":1,"featured_media":0,"parent":0,"menu_order":0,"comment_status":"closed","ping_status":"closed","template":"","meta":{"_acf_changed":false,"footnotes":""},"class_list":["post-3425","page","type-page","status-publish","hentry"],"acf":[],"_links":{"self":[{"href":"https:\/\/harztor-erlebenswert.de\/en\/wp-json\/wp\/v2\/pages\/3425","targetHints":{"allow":["GET"]}}],"collection":[{"href":"https:\/\/harztor-erlebenswert.de\/en\/wp-json\/wp\/v2\/pages"}],"about":[{"href":"https:\/\/harztor-erlebenswert.de\/en\/wp-json\/wp\/v2\/types\/page"}],"author":[{"embeddable":true,"href":"https:\/\/harztor-erlebenswert.de\/en\/wp-json\/wp\/v2\/users\/1"}],"replies":[{"embeddable":true,"href":"https:\/\/harztor-erlebenswert.de\/en\/wp-json\/wp\/v2\/comments?post=3425"}],"version-history":[{"count":52,"href":"https:\/\/harztor-erlebenswert.de\/en\/wp-json\/wp\/v2\/pages\/3425\/revisions"}],"predecessor-version":[{"id":5797,"href":"https:\/\/harztor-erlebenswert.de\/en\/wp-json\/wp\/v2\/pages\/3425\/revisions\/5797"}],"wp:attachment":[{"href":"https:\/\/harztor-erlebenswert.de\/en\/wp-json\/wp\/v2\/media?parent=3425"}],"curies":[{"name":"wp","href":"https:\/\/api.w.org\/{rel}","templated":true}]}}