{"id":3794,"date":"2025-12-11T12:56:14","date_gmt":"2025-12-11T12:56:14","guid":{"rendered":"https:\/\/harztor-erlebenswert.de\/?page_id=3794"},"modified":"2026-03-16T10:34:55","modified_gmt":"2026-03-16T09:34:55","slug":"planen","status":"publish","type":"page","link":"https:\/\/harztor-erlebenswert.de\/en\/planen\/","title":{"rendered":"Make a plan"},"content":{"rendered":"\t\t<div data-elementor-type=\"wp-page\" data-elementor-id=\"3794\" class=\"elementor elementor-3794\" data-elementor-post-type=\"page\">\n\t\t\t\t<div class=\"elementor-element elementor-element-d08b298 e-flex e-con-boxed elementor-invisible e-con e-parent\" data-id=\"d08b298\" data-element_type=\"container\" data-e-type=\"container\" data-settings=\"{&quot;background_background&quot;:&quot;classic&quot;,&quot;animation&quot;:&quot;slideInUp&quot;,&quot;shape_divider_bottom&quot;:&quot;wave-brush&quot;,&quot;shape_divider_top&quot;:&quot;wave-brush&quot;}\">\n\t\t\t\t\t<div class=\"e-con-inner\">\n\t\t\t\t<div class=\"elementor-shape elementor-shape-top\" aria-hidden=\"true\" data-negative=\"false\">\n\t\t\t<svg xmlns=\"http:\/\/www.w3.org\/2000\/svg\" viewBox=\"0 0 283.5 27.8\" preserveAspectRatio=\"none\">\n\t<path class=\"elementor-shape-fill\" d=\"M283.5,9.7c0,0-7.3,4.3-14,4.6c-6.8,0.3-12.6,0-20.9-1.5c-11.3-2-33.1-10.1-44.7-5.7\ts-12.1,4.6-18,7.4c-6.6,3.2-20,9.6-36.6,9.3C131.6,23.5,99.5,7.2,86.3,8c-1.4,0.1-6.6,0.8-10.5,2c-3.8,1.2-9.4,3.8-17,4.7\tc-3.2,0.4-8.3,1.1-14.2,0.9c-1.5-0.1-6.3-0.4-12-1.6c-5.7-1.2-11-3.1-15.8-3.7C6.5,9.2,0,10.8,0,10.8V0h283.5V9.7z M260.8,11.3\tc-0.7-1-2-0.4-4.3-0.4c-2.3,0-6.1-1.2-5.8-1.1c0.3,0.1,3.1,1.5,6,1.9C259.7,12.2,261.4,12.3,260.8,11.3z M242.4,8.6\tc0,0-2.4-0.2-5.6-0.9c-3.2-0.8-10.3-2.8-15.1-3.5c-8.2-1.1-15.8,0-15.1,0.1c0.8,0.1,9.6-0.6,17.6,1.1c3.3,0.7,9.3,2.2,12.4,2.7\tC239.9,8.7,242.4,8.6,242.4,8.6z M185.2,8.5c1.7-0.7-13.3,4.7-18.5,6.1c-2.1,0.6-6.2,1.6-10,2c-3.9,0.4-8.9,0.4-8.8,0.5\tc0,0.2,5.8,0.8,11.2,0c5.4-0.8,5.2-1.1,7.6-1.6C170.5,14.7,183.5,9.2,185.2,8.5z M199.1,6.9c0.2,0-0.8-0.4-4.8,1.1\tc-4,1.5-6.7,3.5-6.9,3.7c-0.2,0.1,3.5-1.8,6.6-3C197,7.5,199,6.9,199.1,6.9z M283,6c-0.1,0.1-1.9,1.1-4.8,2.5s-6.9,2.8-6.7,2.7\tc0.2,0,3.5-0.6,7.4-2.5C282.8,6.8,283.1,5.9,283,6z M31.3,11.6c0.1-0.2-1.9-0.2-4.5-1.2s-5.4-1.6-7.8-2C15,7.6,7.3,8.5,7.7,8.6\tC8,8.7,15.9,8.3,20.2,9.3c2.2,0.5,2.4,0.5,5.7,1.6S31.2,11.9,31.3,11.6z M73,9.2c0.4-0.1,3.5-1.6,8.4-2.6c4.9-1.1,8.9-0.5,8.9-0.8\tc0-0.3-1-0.9-6.2-0.3S72.6,9.3,73,9.2z M71.6,6.7C71.8,6.8,75,5.4,77.3,5c2.3-0.3,1.9-0.5,1.9-0.6c0-0.1-1.1-0.2-2.7,0.2\tC74.8,5.1,71.4,6.6,71.6,6.7z M93.6,4.4c0.1,0.2,3.5,0.8,5.6,1.8c2.1,1,1.8,0.6,1.9,0.5c0.1-0.1-0.8-0.8-2.4-1.3\tC97.1,4.8,93.5,4.2,93.6,4.4z M65.4,11.1c-0.1,0.3,0.3,0.5,1.9-0.2s2.6-1.3,2.2-1.2s-0.9,0.4-2.5,0.8C65.3,10.9,65.5,10.8,65.4,11.1\tz M34.5,12.4c-0.2,0,2.1,0.8,3.3,0.9c1.2,0.1,2,0.1,2-0.2c0-0.3-0.1-0.5-1.6-0.4C36.6,12.8,34.7,12.4,34.5,12.4z M152.2,21.1\tc-0.1,0.1-2.4-0.3-7.5-0.3c-5,0-13.6-2.4-17.2-3.5c-3.6-1.1,10,3.9,16.5,4.1C150.5,21.6,152.3,21,152.2,21.1z\"\/>\n\t<path class=\"elementor-shape-fill\" d=\"M269.6,18c-0.1-0.1-4.6,0.3-7.2,0c-7.3-0.7-17-3.2-16.6-2.9c0.4,0.3,13.7,3.1,17,3.3\tC267.7,18.8,269.7,18,269.6,18z\"\/>\n\t<path class=\"elementor-shape-fill\" d=\"M227.4,9.8c-0.2-0.1-4.5-1-9.5-1.2c-5-0.2-12.7,0.6-12.3,0.5c0.3-0.1,5.9-1.8,13.3-1.2\tS227.6,9.9,227.4,9.8z\"\/>\n\t<path class=\"elementor-shape-fill\" d=\"M204.5,13.4c-0.1-0.1,2-1,3.2-1.1c1.2-0.1,2,0,2,0.3c0,0.3-0.1,0.5-1.6,0.4\tC206.4,12.9,204.6,13.5,204.5,13.4z\"\/>\n\t<path class=\"elementor-shape-fill\" d=\"M201,10.6c0-0.1-4.4,1.2-6.3,2.2c-1.9,0.9-6.2,3.1-6.1,3.1c0.1,0.1,4.2-1.6,6.3-2.6\tS201,10.7,201,10.6z\"\/>\n\t<path class=\"elementor-shape-fill\" d=\"M154.5,26.7c-0.1-0.1-4.6,0.3-7.2,0c-7.3-0.7-17-3.2-16.6-2.9c0.4,0.3,13.7,3.1,17,3.3\tC152.6,27.5,154.6,26.8,154.5,26.7z\"\/>\n\t<path class=\"elementor-shape-fill\" d=\"M41.9,19.3c0,0,1.2-0.3,2.9-0.1c1.7,0.2,5.8,0.9,8.2,0.7c4.2-0.4,7.4-2.7,7-2.6\tc-0.4,0-4.3,2.2-8.6,1.9c-1.8-0.1-5.1-0.5-6.7-0.4S41.9,19.3,41.9,19.3z\"\/>\n\t<path class=\"elementor-shape-fill\" d=\"M75.5,12.6c0.2,0.1,2-0.8,4.3-1.1c2.3-0.2,2.1-0.3,2.1-0.5c0-0.1-1.8-0.4-3.4,0\tC76.9,11.5,75.3,12.5,75.5,12.6z\"\/>\n\t<path class=\"elementor-shape-fill\" d=\"M15.6,13.2c0-0.1,4.3,0,6.7,0.5c2.4,0.5,5,1.9,5,2c0,0.1-2.7-0.8-5.1-1.4\tC19.9,13.7,15.7,13.3,15.6,13.2z\"\/>\n<\/svg>\t\t<\/div>\n\t\t\t\t<div class=\"elementor-shape elementor-shape-bottom\" aria-hidden=\"true\" data-negative=\"false\">\n\t\t\t<svg xmlns=\"http:\/\/www.w3.org\/2000\/svg\" viewBox=\"0 0 283.5 27.8\" preserveAspectRatio=\"none\">\n\t<path class=\"elementor-shape-fill\" d=\"M283.5,9.7c0,0-7.3,4.3-14,4.6c-6.8,0.3-12.6,0-20.9-1.5c-11.3-2-33.1-10.1-44.7-5.7\ts-12.1,4.6-18,7.4c-6.6,3.2-20,9.6-36.6,9.3C131.6,23.5,99.5,7.2,86.3,8c-1.4,0.1-6.6,0.8-10.5,2c-3.8,1.2-9.4,3.8-17,4.7\tc-3.2,0.4-8.3,1.1-14.2,0.9c-1.5-0.1-6.3-0.4-12-1.6c-5.7-1.2-11-3.1-15.8-3.7C6.5,9.2,0,10.8,0,10.8V0h283.5V9.7z M260.8,11.3\tc-0.7-1-2-0.4-4.3-0.4c-2.3,0-6.1-1.2-5.8-1.1c0.3,0.1,3.1,1.5,6,1.9C259.7,12.2,261.4,12.3,260.8,11.3z M242.4,8.6\tc0,0-2.4-0.2-5.6-0.9c-3.2-0.8-10.3-2.8-15.1-3.5c-8.2-1.1-15.8,0-15.1,0.1c0.8,0.1,9.6-0.6,17.6,1.1c3.3,0.7,9.3,2.2,12.4,2.7\tC239.9,8.7,242.4,8.6,242.4,8.6z M185.2,8.5c1.7-0.7-13.3,4.7-18.5,6.1c-2.1,0.6-6.2,1.6-10,2c-3.9,0.4-8.9,0.4-8.8,0.5\tc0,0.2,5.8,0.8,11.2,0c5.4-0.8,5.2-1.1,7.6-1.6C170.5,14.7,183.5,9.2,185.2,8.5z M199.1,6.9c0.2,0-0.8-0.4-4.8,1.1\tc-4,1.5-6.7,3.5-6.9,3.7c-0.2,0.1,3.5-1.8,6.6-3C197,7.5,199,6.9,199.1,6.9z M283,6c-0.1,0.1-1.9,1.1-4.8,2.5s-6.9,2.8-6.7,2.7\tc0.2,0,3.5-0.6,7.4-2.5C282.8,6.8,283.1,5.9,283,6z M31.3,11.6c0.1-0.2-1.9-0.2-4.5-1.2s-5.4-1.6-7.8-2C15,7.6,7.3,8.5,7.7,8.6\tC8,8.7,15.9,8.3,20.2,9.3c2.2,0.5,2.4,0.5,5.7,1.6S31.2,11.9,31.3,11.6z M73,9.2c0.4-0.1,3.5-1.6,8.4-2.6c4.9-1.1,8.9-0.5,8.9-0.8\tc0-0.3-1-0.9-6.2-0.3S72.6,9.3,73,9.2z M71.6,6.7C71.8,6.8,75,5.4,77.3,5c2.3-0.3,1.9-0.5,1.9-0.6c0-0.1-1.1-0.2-2.7,0.2\tC74.8,5.1,71.4,6.6,71.6,6.7z M93.6,4.4c0.1,0.2,3.5,0.8,5.6,1.8c2.1,1,1.8,0.6,1.9,0.5c0.1-0.1-0.8-0.8-2.4-1.3\tC97.1,4.8,93.5,4.2,93.6,4.4z M65.4,11.1c-0.1,0.3,0.3,0.5,1.9-0.2s2.6-1.3,2.2-1.2s-0.9,0.4-2.5,0.8C65.3,10.9,65.5,10.8,65.4,11.1\tz M34.5,12.4c-0.2,0,2.1,0.8,3.3,0.9c1.2,0.1,2,0.1,2-0.2c0-0.3-0.1-0.5-1.6-0.4C36.6,12.8,34.7,12.4,34.5,12.4z M152.2,21.1\tc-0.1,0.1-2.4-0.3-7.5-0.3c-5,0-13.6-2.4-17.2-3.5c-3.6-1.1,10,3.9,16.5,4.1C150.5,21.6,152.3,21,152.2,21.1z\"\/>\n\t<path class=\"elementor-shape-fill\" d=\"M269.6,18c-0.1-0.1-4.6,0.3-7.2,0c-7.3-0.7-17-3.2-16.6-2.9c0.4,0.3,13.7,3.1,17,3.3\tC267.7,18.8,269.7,18,269.6,18z\"\/>\n\t<path class=\"elementor-shape-fill\" d=\"M227.4,9.8c-0.2-0.1-4.5-1-9.5-1.2c-5-0.2-12.7,0.6-12.3,0.5c0.3-0.1,5.9-1.8,13.3-1.2\tS227.6,9.9,227.4,9.8z\"\/>\n\t<path class=\"elementor-shape-fill\" d=\"M204.5,13.4c-0.1-0.1,2-1,3.2-1.1c1.2-0.1,2,0,2,0.3c0,0.3-0.1,0.5-1.6,0.4\tC206.4,12.9,204.6,13.5,204.5,13.4z\"\/>\n\t<path class=\"elementor-shape-fill\" d=\"M201,10.6c0-0.1-4.4,1.2-6.3,2.2c-1.9,0.9-6.2,3.1-6.1,3.1c0.1,0.1,4.2-1.6,6.3-2.6\tS201,10.7,201,10.6z\"\/>\n\t<path class=\"elementor-shape-fill\" d=\"M154.5,26.7c-0.1-0.1-4.6,0.3-7.2,0c-7.3-0.7-17-3.2-16.6-2.9c0.4,0.3,13.7,3.1,17,3.3\tC152.6,27.5,154.6,26.8,154.5,26.7z\"\/>\n\t<path class=\"elementor-shape-fill\" d=\"M41.9,19.3c0,0,1.2-0.3,2.9-0.1c1.7,0.2,5.8,0.9,8.2,0.7c4.2-0.4,7.4-2.7,7-2.6\tc-0.4,0-4.3,2.2-8.6,1.9c-1.8-0.1-5.1-0.5-6.7-0.4S41.9,19.3,41.9,19.3z\"\/>\n\t<path class=\"elementor-shape-fill\" d=\"M75.5,12.6c0.2,0.1,2-0.8,4.3-1.1c2.3-0.2,2.1-0.3,2.1-0.5c0-0.1-1.8-0.4-3.4,0\tC76.9,11.5,75.3,12.5,75.5,12.6z\"\/>\n\t<path class=\"elementor-shape-fill\" d=\"M15.6,13.2c0-0.1,4.3,0,6.7,0.5c2.4,0.5,5,1.9,5,2c0,0.1-2.7-0.8-5.1-1.4\tC19.9,13.7,15.7,13.3,15.6,13.2z\"\/>\n<\/svg>\t\t<\/div>\n\t\t<div class=\"elementor-element elementor-element-a355857 e-con-full e-flex e-con e-child\" data-id=\"a355857\" data-element_type=\"container\" data-e-type=\"container\">\n\t\t\t\t<div class=\"elementor-element elementor-element-93321d6 elementor-widget elementor-widget-heading\" data-id=\"93321d6\" data-element_type=\"widget\" data-e-type=\"widget\" data-widget_type=\"heading.default\">\n\t\t\t\t<div class=\"elementor-widget-container\">\n\t\t\t\t\t<h2 class=\"elementor-heading-title elementor-size-default\"><a href=\"https:\/\/harztor-erlebenswert.de\/tourismus_objekt\/tourismus-information-harztor-in-neustadt\/\">Ihre Tourismus-Information in Neustadt<\/a><\/h2>\t\t\t\t<\/div>\n\t\t\t\t<\/div>\n\t\t\t\t<\/div>\n\t\t<div class=\"elementor-element elementor-element-1a08ba3 e-con-full e-flex e-con e-child\" data-id=\"1a08ba3\" data-element_type=\"container\" data-e-type=\"container\">\n\t\t\t\t<div class=\"elementor-element elementor-element-d2f79d8 elementor-align-right elementor-mobile-align-left elementor-widget elementor-widget-button\" data-id=\"d2f79d8\" data-element_type=\"widget\" data-e-type=\"widget\" data-widget_type=\"button.default\">\n\t\t\t\t<div class=\"elementor-widget-container\">\n\t\t\t\t\t\t\t\t\t<div class=\"elementor-button-wrapper\">\n\t\t\t\t\t<a class=\"elementor-button elementor-button-link elementor-size-md elementor-animation-grow-rotate\" href=\"https:\/\/harztor-erlebenswert.de\/tourismus_objekt\/tourismus-information-harztor-in-neustadt\/\">\n\t\t\t\t\t\t<span class=\"elementor-button-content-wrapper\">\n\t\t\t\t\t\t\t\t\t<span class=\"elementor-button-text\">Weiter<\/span>\n\t\t\t\t\t<\/span>\n\t\t\t\t\t<\/a>\n\t\t\t\t<\/div>\n\t\t\t\t\t\t\t\t<\/div>\n\t\t\t\t<\/div>\n\t\t\t\t<\/div>\n\t\t\t\t\t<\/div>\n\t\t\t\t<\/div>\n\t\t<div class=\"elementor-element elementor-element-2c18c13 e-flex e-con-boxed elementor-invisible e-con e-parent\" data-id=\"2c18c13\" data-element_type=\"container\" data-e-type=\"container\" data-settings=\"{&quot;animation&quot;:&quot;fadeInUp&quot;}\">\n\t\t\t\t\t<div class=\"e-con-inner\">\n\t\t<div class=\"elementor-element elementor-element-dcc60ac e-con-full e-flex e-con e-child\" data-id=\"dcc60ac\" data-element_type=\"container\" data-e-type=\"container\">\n\t\t\t\t<div class=\"elementor-element elementor-element-c600687 elementor-widget elementor-widget-text-editor\" data-id=\"c600687\" data-element_type=\"widget\" data-e-type=\"widget\" data-widget_type=\"text-editor.default\">\n\t\t\t\t<div class=\"elementor-widget-container\">\n\t\t\t\t\t\t\t\t\t<p class=\"p1\">Sie m\u00f6chten in einer der sch\u00f6nsten Gegenden Deutschlands Ihren Urlaub oder auch ein verl\u00e4ngertes Wochenende verbringen? Eine gute Entscheidung! Das Sch\u00f6ne dabei ist, dass wir Sie mit unserer Webseite nicht nur schon richtig einstimmen wollen, sondern wir bieten Ihnen wertvolle Informationen zu \u00dcbernachtungsm\u00f6glichkeiten, Sehensw\u00fcrdigkeiten, Veranstaltungen sowie nat\u00fcrlich Ihre Anreise an.<\/p><p>Sie wollen gern pers\u00f6nlich beraten werden oder haben eine Frage, die Ihnen auf den N\u00e4geln brennt? F\u00fcr Antworten und Unterst\u00fctzung sind wir in der Tourismus-Information im Luftkurort Neustadt da. Einfach auf den Button &#8222;Weiter&#8220; klicken und sie gelangen zu uns.<\/p>\t\t\t\t\t\t\t\t<\/div>\n\t\t\t\t<\/div>\n\t\t\t\t<\/div>\n\t\t\t\t\t<\/div>\n\t\t\t\t<\/div>\n\t\t<div data-pa-eq-height=\"{&quot;targetType&quot;:&quot;widget&quot;,&quot;target&quot;:[&quot;.elementor-widget-total-plus-featured-block .elementor-widget-container&quot;],&quot;trigger&quot;:&quot;load&quot;,&quot;enableOn&quot;:[&quot;desktop&quot;,&quot;tablet&quot;,&quot;mobile&quot;]}\" class=\"elementor-element elementor-element-d60ae56 premium-equal-height-yes e-flex e-con-boxed elementor-invisible e-con e-parent\" data-id=\"d60ae56\" data-element_type=\"container\" data-e-type=\"container\" data-settings=\"{&quot;animation&quot;:&quot;slideInUp&quot;,&quot;premium_eq_height_switcher&quot;:&quot;yes&quot;,&quot;premium_eq_height_target&quot;:[&quot;.elementor-widget-total-plus-featured-block .elementor-widget-container&quot;]}\">\n\t\t\t\t\t<div class=\"e-con-inner\">\n\t\t<div class=\"elementor-element elementor-element-8a0e409 e-con-full e-flex e-con e-child\" data-id=\"8a0e409\" data-element_type=\"container\" data-e-type=\"container\">\n\t\t\t\t<div class=\"elementor-element elementor-element-aadfb71 elementor-widget elementor-widget-total-plus-featured-block\" data-id=\"aadfb71\" data-element_type=\"widget\" data-e-type=\"widget\" data-widget_type=\"total-plus-featured-block.default\">\n\t\t\t\t<div class=\"elementor-widget-container\">\n\t\t\t\t\t        <div class=\"tpe-featured-box tpe-style5\">\n            <div class=\"tpe-featured-icon\">\n                <i aria-hidden=\"true\" class=\"mdi mdi-ticket-percent\"><\/i>            <\/div>\n\n            <div class=\"tpe-featured-content\">\n                <h4 class=\"tpe-featured-title\">Kurbeitrag<\/h4>\n\n                <div class=\"tpe-featured-excerpt\">\n                    F\u00fcr Ihren Aufenthalt in den Ortschaften Neustadt und Osterode wird aufgrund des Status \"Luftkurort\" ein Kurbeitrag erhoben.\nAlle Informationen dazu finden Sie auf einer eigenen Seite.                <\/div>\n\n                                    <div class=\"tpe-featured-link\">\n                        <a href=\"https:\/\/harztor-erlebenswert.de\/kurbeitrag\/\" >\n                            Kurkarte kaufen                            <span class=\"tpe-featured-link-icon\"><\/span>\n                        <\/a>\n                    <\/div>\n                            <\/div>\n        <\/div>\n        \t\t\t\t<\/div>\n\t\t\t\t<\/div>\n\t\t\t\t<\/div>\n\t\t<div class=\"elementor-element elementor-element-7d070a7 e-con-full e-flex e-con e-child\" data-id=\"7d070a7\" data-element_type=\"container\" data-e-type=\"container\">\n\t\t\t\t<div class=\"elementor-element elementor-element-2bbfdc5 elementor-widget elementor-widget-total-plus-featured-block\" data-id=\"2bbfdc5\" data-element_type=\"widget\" data-e-type=\"widget\" data-widget_type=\"total-plus-featured-block.default\">\n\t\t\t\t<div class=\"elementor-widget-container\">\n\t\t\t\t\t        <div class=\"tpe-featured-box tpe-style5\">\n            <div class=\"tpe-featured-icon\">\n                <i aria-hidden=\"true\" class=\"icofont icofont-hotel\"><\/i>            <\/div>\n\n            <div class=\"tpe-featured-content\">\n                <h5 class=\"tpe-featured-title\">Unterk\u00fcnfte &amp; Gastgeber<\/h5>\n\n                <div class=\"tpe-featured-excerpt\">\n                    Erleben Sie unsere Gastfreundschaft im sch\u00f6nen S\u00fcdharz! Finden Sie Ihren Gastgeber und nutzen Sie dazu ganz bequem die Suchfunktion.                <\/div>\n\n                                    <div class=\"tpe-featured-link\">\n                        <a href=\"https:\/\/harztor-erlebenswert.de\/unterkunfte-gastgeber\/\" >\n                            Unterk\u00fcnfte &amp; Gastgeber                            <span class=\"tpe-featured-link-icon\"><\/span>\n                        <\/a>\n                    <\/div>\n                            <\/div>\n        <\/div>\n        \t\t\t\t<\/div>\n\t\t\t\t<\/div>\n\t\t\t\t<\/div>\n\t\t<div class=\"elementor-element elementor-element-ed70ee9 e-con-full e-flex e-con e-child\" data-id=\"ed70ee9\" data-element_type=\"container\" data-e-type=\"container\">\n\t\t\t\t<div class=\"elementor-element elementor-element-984bf7a elementor-widget elementor-widget-total-plus-featured-block\" data-id=\"984bf7a\" data-element_type=\"widget\" data-e-type=\"widget\" data-widget_type=\"total-plus-featured-block.default\">\n\t\t\t\t<div class=\"elementor-widget-container\">\n\t\t\t\t\t        <div class=\"tpe-featured-box tpe-style5\">\n            <div class=\"tpe-featured-icon\">\n                <i aria-hidden=\"true\" class=\"mdi mdi-train-car\"><\/i>            <\/div>\n\n            <div class=\"tpe-featured-content\">\n                <h5 class=\"tpe-featured-title\">Anreise &amp; \u00d6PNV<\/h5>\n\n                <div class=\"tpe-featured-excerpt\">\n                    Harztor erreicht man in je einer Stunde Fahrzeit von G\u00f6ttingen oder aus der  Region Halle\/Leipzig \u00fcber die A38. Wir verf\u00fcgen zudem \u00fcber mehrere Tram-, Bus- und Bahnanbindungen.                <\/div>\n\n                                    <div class=\"tpe-featured-link\">\n                        <a href=\"https:\/\/harztor-erlebenswert.de\/anreise-oepnv\/\" >\n                            Anreise &amp; \u00d6PNV                            <span class=\"tpe-featured-link-icon\"><\/span>\n                        <\/a>\n                    <\/div>\n                            <\/div>\n        <\/div>\n        \t\t\t\t<\/div>\n\t\t\t\t<\/div>\n\t\t\t\t<\/div>\n\t\t<div class=\"elementor-element elementor-element-1542185 e-con-full e-flex e-con e-child\" data-id=\"1542185\" data-element_type=\"container\" data-e-type=\"container\">\n\t\t\t\t<div class=\"elementor-element elementor-element-c2bf1e0 elementor-widget elementor-widget-total-plus-featured-block\" data-id=\"c2bf1e0\" data-element_type=\"widget\" data-e-type=\"widget\" data-widget_type=\"total-plus-featured-block.default\">\n\t\t\t\t<div class=\"elementor-widget-container\">\n\t\t\t\t\t        <div class=\"tpe-featured-box tpe-style5\">\n            <div class=\"tpe-featured-icon\">\n                <svg aria-hidden=\"true\" class=\"e-font-icon-svg e-fas-charging-station\" viewBox=\"0 0 576 512\" xmlns=\"http:\/\/www.w3.org\/2000\/svg\"><path d=\"M336 448H16c-8.84 0-16 7.16-16 16v32c0 8.84 7.16 16 16 16h320c8.84 0 16-7.16 16-16v-32c0-8.84-7.16-16-16-16zm208-320V80c0-8.84-7.16-16-16-16s-16 7.16-16 16v48h-32V80c0-8.84-7.16-16-16-16s-16 7.16-16 16v48h-16c-8.84 0-16 7.16-16 16v32c0 35.76 23.62 65.69 56 75.93v118.49c0 13.95-9.5 26.92-23.26 29.19C431.22 402.5 416 388.99 416 372v-28c0-48.6-39.4-88-88-88h-8V64c0-35.35-28.65-64-64-64H96C60.65 0 32 28.65 32 64v352h288V304h8c22.09 0 40 17.91 40 40v24.61c0 39.67 28.92 75.16 68.41 79.01C481.71 452.05 520 416.41 520 372V251.93c32.38-10.24 56-40.17 56-75.93v-32c0-8.84-7.16-16-16-16h-16zm-283.91 47.76l-93.7 139c-2.2 3.33-6.21 5.24-10.39 5.24-7.67 0-13.47-6.28-11.67-12.92L167.35 224H108c-7.25 0-12.85-5.59-11.89-11.89l16-107C112.9 99.9 117.98 96 124 96h68c7.88 0 13.62 6.54 11.6 13.21L192 160h57.7c9.24 0 15.01 8.78 10.39 15.76z\"><\/path><\/svg>            <\/div>\n\n            <div class=\"tpe-featured-content\">\n                <h5 class=\"tpe-featured-title\">Parken &amp; Laden<\/h5>\n\n                <div class=\"tpe-featured-excerpt\">\n                    In Harztor gibt es aktuell 9 \u00f6ffentliche Ladepunkte f\u00fcr Elektroautos sowie eine E-Bike-Ladestation in der Ortschaft Neustadt. Zudem bieten wir eine Vielzahl an Parkpl\u00e4tzen.                <\/div>\n\n                                    <div class=\"tpe-featured-link\">\n                        <a href=\"#\" >\n                            Parken &amp; Laden                            <span class=\"tpe-featured-link-icon\"><\/span>\n                        <\/a>\n                    <\/div>\n                            <\/div>\n        <\/div>\n        \t\t\t\t<\/div>\n\t\t\t\t<\/div>\n\t\t\t\t<\/div>\n\t\t\t\t\t<\/div>\n\t\t\t\t<\/div>\n\t\t<div class=\"elementor-element elementor-element-83e342a e-flex e-con-boxed e-con e-parent\" data-id=\"83e342a\" data-element_type=\"container\" data-e-type=\"container\">\n\t\t\t\t\t<div class=\"e-con-inner\">\n\t\t\t\t<div class=\"elementor-element elementor-element-b52996c elementor-widget elementor-widget-heading\" data-id=\"b52996c\" data-element_type=\"widget\" data-e-type=\"widget\" data-widget_type=\"heading.default\">\n\t\t\t\t<div class=\"elementor-widget-container\">\n\t\t\t\t\t<h3 class=\"elementor-heading-title elementor-size-default\">Entdecken Sie die Perle des S\u00fcdharzes<\/h3>\t\t\t\t<\/div>\n\t\t\t\t<\/div>\n\t\t\t\t\t<\/div>\n\t\t\t\t<\/div>\n\t\t<div class=\"elementor-element elementor-element-bcf3bcd e-flex e-con-boxed elementor-invisible e-con e-parent\" data-id=\"bcf3bcd\" data-element_type=\"container\" data-e-type=\"container\" data-settings=\"{&quot;animation&quot;:&quot;slideInUp&quot;}\">\n\t\t\t\t\t<div class=\"e-con-inner\">\n\t\t<div class=\"elementor-element elementor-element-0096028 e-con-full e-flex e-con e-child\" data-id=\"0096028\" data-element_type=\"container\" data-e-type=\"container\">\n\t\t\t\t<div class=\"elementor-element elementor-element-1ab4de9 elementor-widget elementor-widget-text-editor\" data-id=\"1ab4de9\" data-element_type=\"widget\" data-e-type=\"widget\" data-widget_type=\"text-editor.default\">\n\t\t\t\t<div class=\"elementor-widget-container\">\n\t\t\t\t\t\t\t\t\t<p data-start=\"3067\" data-end=\"3449\" data-is-last-node=\"\" data-is-only-node=\"\">Harztor vereint auf eine ganz besondere Weise intakte Natur, Gesundheit, Kultur und Geschichte. Erleben Sie <strong data-start=\"3174\" data-end=\"3236\">Entspannung, aktive Erholung oder medizinischer Betreuung<\/strong> in Neustadt, lernen Sie <strong>geschichtliche Highlights<\/strong> kennen oder genie\u00dfen Sie <strong>s\u00fcdharzliche Gastronomie<\/strong>. Bei uns finden Sie ideale Bedingungen f\u00fcr einen unverge\u00dflichen Aufenthalt. Lassen Sie sich von der besonderen Atmosph\u00e4re der n\u00f6rdlichsten Gemeinde Th\u00fcringens verzaubern und genie\u00dfen Sie die Sch\u00f6nheit des S\u00fcdharzes!<\/p>\t\t\t\t\t\t\t\t<\/div>\n\t\t\t\t<\/div>\n\t\t\t\t<div class=\"elementor-element elementor-element-dc751af elementor-widget elementor-widget-text-editor\" data-id=\"dc751af\" data-element_type=\"widget\" data-e-type=\"widget\" data-widget_type=\"text-editor.default\">\n\t\t\t\t<div class=\"elementor-widget-container\">\n\t\t\t\t\t\t\t\t\t<h4 data-start=\"2060\" data-end=\"2099\"><span style=\"font-family: var(--total-h-family, var(--total-h4-family, Oswald)); font-size: var(--total-hh4-size, var(--total-h4-size, 26px)); font-style: var(--total-h-style, var(--total-h4-style, normal)); letter-spacing: var(--total-h-letter-spacing, var(--total-h4-letter-spacing, 0)); text-transform: var(--total-h-text-transform, var(--total-h4-text-transform, none)); text-decoration: var(--total-h-text-decoration, var(--total-h4-text-decoration, none)); text-align: var(--text-align);\">Kulturelle Highlights und lohnende Ausflugsziele<\/span><\/h4><p data-start=\"2595\" data-end=\"3020\">Auch Kulturliebhaber kommen in Neustadt und Umgebung auf ihre Kosten. Die charmanten <strong data-start=\"2680\" data-end=\"2698\">Fachwerkh\u00e4user<\/strong> verleihen den Ortschaften ein malerisches Flair, und auch in der Umgebung gibt es zahlreiche Ausflugsziele zu entdecken: <strong data-start=\"2822\" data-end=\"2844\">Kyffh\u00e4user-Denkmal<\/strong>, das <strong data-start=\"2863\" data-end=\"2894\">Schaubergwerk Sondershausen<\/strong> und die historische Stadt <strong data-start=\"2940\" data-end=\"2954\">Nordhausen<\/strong>, die mit Museen, Ausstellungen und traditionellen Festen sind nicht weit entfernt.<\/p>\t\t\t\t\t\t\t\t<\/div>\n\t\t\t\t<\/div>\n\t\t\t\t<\/div>\n\t\t<div class=\"elementor-element elementor-element-f3872b8 e-con-full e-flex e-con e-child\" data-id=\"f3872b8\" data-element_type=\"container\" data-e-type=\"container\">\n\t\t\t\t<div class=\"elementor-element elementor-element-956d4f5 elementor-widget elementor-widget-total-plus-featured-block\" data-id=\"956d4f5\" data-element_type=\"widget\" data-e-type=\"widget\" data-widget_type=\"total-plus-featured-block.default\">\n\t\t\t\t<div class=\"elementor-widget-container\">\n\t\t\t\t\t        <div class=\"tpe-featured-box tpe-style5\">\n            <div class=\"tpe-featured-icon\">\n                <i aria-hidden=\"true\" class=\"mdi mdi-jquery\"><\/i>            <\/div>\n\n            <div class=\"tpe-featured-content\">\n                <h5 class=\"tpe-featured-title\">G\u00e4stebefragung<\/h5>\n\n                <div class=\"tpe-featured-excerpt\">\n                    Wir sind f\u00fcr Sie da und an Ihrer Meinung und Ihren Hinweisen f\u00fcr uns interessiert. Deshalb m\u00f6chten wir Sie bitten, unsere G\u00e4stebefragung zu nutzen. Wir freuen uns sehr \u00fcber lobende Worte und Ihre konstruktive Kritik.                <\/div>\n\n                                    <div class=\"tpe-featured-link\">\n                        <a href=\"https:\/\/harztor-erlebenswert.de\/gaestebefragung\/\" >\n                            Zur G\u00e4stebefragung                            <span class=\"tpe-featured-link-icon\"><\/span>\n                        <\/a>\n                    <\/div>\n                            <\/div>\n        <\/div>\n        \t\t\t\t<\/div>\n\t\t\t\t<\/div>\n\t\t\t\t<\/div>\n\t\t\t\t\t<\/div>\n\t\t\t\t<\/div>\n\t\t\t\t<\/div>\n\t\t","protected":false},"excerpt":{"rendered":"<p>Ihre Tourismus-Information in Neustadt Weiter Sie m\u00f6chten in einer der sch\u00f6nsten Gegenden Deutschlands Ihren Urlaub oder auch ein verl\u00e4ngertes Wochenende verbringen? Eine gute Entscheidung! Das Sch\u00f6ne dabei ist, dass wir Sie mit unserer Webseite nicht nur schon richtig einstimmen wollen, sondern wir bieten Ihnen wertvolle Informationen zu \u00dcbernachtungsm\u00f6glichkeiten, Sehensw\u00fcrdigkeiten, Veranstaltungen sowie nat\u00fcrlich Ihre Anreise an. [&hellip;]<\/p>\n","protected":false},"author":1,"featured_media":0,"parent":0,"menu_order":0,"comment_status":"closed","ping_status":"closed","template":"","meta":{"_acf_changed":false,"footnotes":""},"class_list":["post-3794","page","type-page","status-publish","hentry"],"acf":[],"_links":{"self":[{"href":"https:\/\/harztor-erlebenswert.de\/en\/wp-json\/wp\/v2\/pages\/3794","targetHints":{"allow":["GET"]}}],"collection":[{"href":"https:\/\/harztor-erlebenswert.de\/en\/wp-json\/wp\/v2\/pages"}],"about":[{"href":"https:\/\/harztor-erlebenswert.de\/en\/wp-json\/wp\/v2\/types\/page"}],"author":[{"embeddable":true,"href":"https:\/\/harztor-erlebenswert.de\/en\/wp-json\/wp\/v2\/users\/1"}],"replies":[{"embeddable":true,"href":"https:\/\/harztor-erlebenswert.de\/en\/wp-json\/wp\/v2\/comments?post=3794"}],"version-history":[{"count":43,"href":"https:\/\/harztor-erlebenswert.de\/en\/wp-json\/wp\/v2\/pages\/3794\/revisions"}],"predecessor-version":[{"id":5535,"href":"https:\/\/harztor-erlebenswert.de\/en\/wp-json\/wp\/v2\/pages\/3794\/revisions\/5535"}],"wp:attachment":[{"href":"https:\/\/harztor-erlebenswert.de\/en\/wp-json\/wp\/v2\/media?parent=3794"}],"curies":[{"name":"wp","href":"https:\/\/api.w.org\/{rel}","templated":true}]}}