{"id":3858,"date":"2025-12-11T14:24:28","date_gmt":"2025-12-11T14:24:28","guid":{"rendered":"https:\/\/harztor-erlebenswert.de\/?page_id=3858"},"modified":"2026-03-16T10:58:29","modified_gmt":"2026-03-16T09:58:29","slug":"mit-dem-rad","status":"publish","type":"page","link":"https:\/\/harztor-erlebenswert.de\/en\/ueber-berg-und-tal\/mit-dem-rad\/","title":{"rendered":"By bike"},"content":{"rendered":"\t\t<div data-elementor-type=\"wp-page\" data-elementor-id=\"3858\" class=\"elementor elementor-3858\" data-elementor-post-type=\"page\">\n\t\t\t\t<div class=\"elementor-element elementor-element-c06c25b e-flex e-con-boxed e-con e-parent\" data-id=\"c06c25b\" data-element_type=\"container\" data-e-type=\"container\">\n\t\t\t\t\t<div class=\"e-con-inner\">\n\t\t\t\t<div class=\"elementor-element elementor-element-6c704f4 elementor-widget elementor-widget-spacer\" data-id=\"6c704f4\" data-element_type=\"widget\" data-e-type=\"widget\" data-widget_type=\"spacer.default\">\n\t\t\t\t<div class=\"elementor-widget-container\">\n\t\t\t\t\t\t\t<div class=\"elementor-spacer\">\n\t\t\t<div class=\"elementor-spacer-inner\"><\/div>\n\t\t<\/div>\n\t\t\t\t\t\t<\/div>\n\t\t\t\t<\/div>\n\t\t\t\t\t<\/div>\n\t\t\t\t<\/div>\n\t\t<div class=\"elementor-element elementor-element-409089e e-flex e-con-boxed e-con e-parent\" data-id=\"409089e\" data-element_type=\"container\" data-e-type=\"container\">\n\t\t\t\t\t<div class=\"e-con-inner\">\n\t\t\t\t<div class=\"elementor-element elementor-element-7b6377b elementor-widget elementor-widget-heading\" data-id=\"7b6377b\" data-element_type=\"widget\" data-e-type=\"widget\" data-widget_type=\"heading.default\">\n\t\t\t\t<div class=\"elementor-widget-container\">\n\t\t\t\t\t<h1 class=\"elementor-heading-title elementor-size-default\">S\u00fcdharz auf zwei R\u00e4dern \u2013 Natur \"erfahren\"<\/h1>\t\t\t\t<\/div>\n\t\t\t\t<\/div>\n\t\t\t\t\t<\/div>\n\t\t\t\t<\/div>\n\t\t<div class=\"elementor-element elementor-element-633ad16 e-flex e-con-boxed elementor-invisible e-con e-parent\" data-id=\"633ad16\" data-element_type=\"container\" data-e-type=\"container\" data-settings=\"{&quot;animation&quot;:&quot;fadeInUp&quot;}\">\n\t\t\t\t\t<div class=\"e-con-inner\">\n\t\t<div class=\"elementor-element elementor-element-f334b5f e-con-full e-flex e-con e-child\" data-id=\"f334b5f\" data-element_type=\"container\" data-e-type=\"container\">\n\t\t\t\t<div class=\"elementor-element elementor-element-3d1336a premium-search__whole-link-yes premium-search__effect-zoomin elementor-widget elementor-widget-premium-search-form\" data-id=\"3d1336a\" data-element_type=\"widget\" data-e-type=\"widget\" data-widget_type=\"premium-search-form.default\">\n\t\t\t\t<div class=\"elementor-widget-container\">\n\t\t\t\t\t\n\t\t\t<div data-page=\"3858\" class=\"premium-search__container premium-search__skin-classic\" data-settings=\"{&quot;query&quot;:&quot;post&quot;,&quot;hideOnClick&quot;:true,&quot;results_number&quot;:true,&quot;buttonAction&quot;:&quot;onpage&quot;}\">\n\n\t\t\t\t\t\t\t\t<div class=\"premium-search__input-btn-wrap\">\n\n\t\t\t\t\t\n\t\t\t\t\t<div class=\"premium-search__input-wrap\">\n\t\t\t\t\t\t<input id=\"premium-search__input-3d1336a\" type=\"text\" class=\"premium-search__input\" value=\"\" placeholder=\"Suchen ...\">\n\n\t\t\t\t\t\t<div class=\"premium-search__spinner\"><\/div>\n\n\t\t\t\t\t\t\t\t\t\t\t<\/div>\n\n\t\t\t\t\t\n\t\t\t\t\t\t<div class=\"premium-search__btn-wrap\">\n\t\t\t\t\t\t\t<button type=\"button\" class=\"premium-search__btn\" value=\"\" data-page-url=\"\">\n\n\t\t\t\t\t\t\t\t\n\t\t\t\t\t\t\t\t\t<svg aria-hidden=\"true\" class=\"e-font-icon-svg e-fas-search\" viewBox=\"0 0 512 512\" xmlns=\"http:\/\/www.w3.org\/2000\/svg\"><path d=\"M505 442.7L405.3 343c-4.5-4.5-10.6-7-17-7H372c27.6-35.3 44-79.7 44-128C416 93.1 322.9 0 208 0S0 93.1 0 208s93.1 208 208 208c48.3 0 92.7-16.4 128-44v16.3c0 6.4 2.5 12.5 7 17l99.7 99.7c9.4 9.4 24.6 9.4 33.9 0l28.3-28.3c9.4-9.4 9.4-24.6.1-34zM208 336c-70.7 0-128-57.2-128-128 0-70.7 57.2-128 128-128 70.7 0 128 57.2 128 128 0 70.7-57.2 128-128 128z\"><\/path><\/svg>\n\t\t\t\t\t\t\t\t\n\t\t\t\t\t\t\t\t\n\t\t\t\t\t\t\t<\/button>\n\t\t\t\t\t\t<\/div>\n\n\t\t\t\t\t\n\t\t\t\t<\/div>\n\n\t\t\t\t\t\t\t\t\t<div class=\"premium-search__query-wrap query-hidden\"><\/div>\n\t\t\t\t\n\t\t\t<\/div>\n\n\t\t\t\t\t\t<\/div>\n\t\t\t\t<\/div>\n\t\t\t\t<\/div>\n\t\t\t\t\t<\/div>\n\t\t\t\t<\/div>\n\t\t<div class=\"elementor-element elementor-element-57eea02 e-flex e-con-boxed elementor-invisible e-con e-parent\" data-id=\"57eea02\" data-element_type=\"container\" data-e-type=\"container\" data-settings=\"{&quot;animation&quot;:&quot;fadeInUp&quot;}\">\n\t\t\t\t\t<div class=\"e-con-inner\">\n\t\t<div class=\"elementor-element elementor-element-ec3e21e e-con-full e-flex e-con e-child\" data-id=\"ec3e21e\" data-element_type=\"container\" data-e-type=\"container\">\n\t\t\t\t<div class=\"elementor-element elementor-element-e81ca2f elementor-widget elementor-widget-text-editor\" data-id=\"e81ca2f\" data-element_type=\"widget\" data-e-type=\"widget\" data-widget_type=\"text-editor.default\">\n\t\t\t\t<div class=\"elementor-widget-container\">\n\t\t\t\t\t\t\t\t\t<p data-path-to-node=\"4\">Ob mit dem Mountainbike \u00fcber Wurzeln, mit dem E-Bike zu den h\u00f6chsten Aussichtspunkten oder ganz entspannt mit der Familie durch das Tal: Harztor bietet Radfahrern die perfekte Mischung aus Herausforderung und Genuss.<\/p><p data-path-to-node=\"5\"><strong>\u00dcber Berg und Tal<\/strong><br \/>Unsere Landschaft ist wie gemacht f\u00fcr Abwechslung. In den T\u00e4lern der Bere und Zorge finden Sie gut ausgebaute Wege, die die Ortschaften Ilfeld, Niedersachswerfen und Neustadt verbinden. Doch wer den Lenker Richtung Wald dreht, den erwarten knackige Anstiege, dichte Buchenw\u00e4lder und traumhafte Ausblicke bis zum Brocken.<\/p>\t\t\t\t\t\t\t\t<\/div>\n\t\t\t\t<\/div>\n\t\t\t\t<\/div>\n\t\t<div class=\"elementor-element elementor-element-69ff50b e-con-full e-flex e-con e-child\" data-id=\"69ff50b\" data-element_type=\"container\" data-e-type=\"container\">\n\t\t\t\t<div class=\"elementor-element elementor-element-8652715 elementor-widget elementor-widget-image\" data-id=\"8652715\" data-element_type=\"widget\" data-e-type=\"widget\" data-widget_type=\"image.default\">\n\t\t\t\t<div class=\"elementor-widget-container\">\n\t\t\t\t\t\t\t\t\t\t\t\t\t\t\t<img fetchpriority=\"high\" decoding=\"async\" width=\"640\" height=\"580\" src=\"https:\/\/harztor-erlebenswert.de\/wp-content\/uploads\/2025\/12\/biker_ki.png\" class=\"attachment-large size-large wp-image-3887\" alt=\"\" srcset=\"https:\/\/harztor-erlebenswert.de\/wp-content\/uploads\/2025\/12\/biker_ki.png 873w, https:\/\/harztor-erlebenswert.de\/wp-content\/uploads\/2025\/12\/biker_ki-300x272.png 300w, https:\/\/harztor-erlebenswert.de\/wp-content\/uploads\/2025\/12\/biker_ki-768x696.png 768w, https:\/\/harztor-erlebenswert.de\/wp-content\/uploads\/2025\/12\/biker_ki-13x12.png 13w, https:\/\/harztor-erlebenswert.de\/wp-content\/uploads\/2025\/12\/biker_ki-600x544.png 600w\" sizes=\"(max-width: 640px) 100vw, 640px\" \/>\t\t\t\t\t\t\t\t\t\t\t\t\t\t\t<\/div>\n\t\t\t\t<\/div>\n\t\t\t\t<\/div>\n\t\t\t\t\t<\/div>\n\t\t\t\t<\/div>\n\t\t<div class=\"elementor-element elementor-element-976080c e-flex e-con-boxed elementor-invisible e-con e-parent\" data-id=\"976080c\" data-element_type=\"container\" data-e-type=\"container\" data-settings=\"{&quot;background_background&quot;:&quot;classic&quot;,&quot;shape_divider_top&quot;:&quot;mountains&quot;,&quot;shape_divider_bottom&quot;:&quot;mountains&quot;,&quot;animation&quot;:&quot;slideInUp&quot;}\">\n\t\t\t\t\t<div class=\"e-con-inner\">\n\t\t\t\t<div class=\"elementor-shape elementor-shape-top\" aria-hidden=\"true\" data-negative=\"false\">\n\t\t\t<svg xmlns=\"http:\/\/www.w3.org\/2000\/svg\" viewBox=\"0 0 1000 100\" preserveAspectRatio=\"none\">\n\t<path class=\"elementor-shape-fill\" opacity=\"0.33\" d=\"M473,67.3c-203.9,88.3-263.1-34-320.3,0C66,119.1,0,59.7,0,59.7V0h1000v59.7 c0,0-62.1,26.1-94.9,29.3c-32.8,3.3-62.8-12.3-75.8-22.1C806,49.6,745.3,8.7,694.9,4.7S492.4,59,473,67.3z\"\/>\n\t<path class=\"elementor-shape-fill\" opacity=\"0.66\" d=\"M734,67.3c-45.5,0-77.2-23.2-129.1-39.1c-28.6-8.7-150.3-10.1-254,39.1 s-91.7-34.4-149.2,0C115.7,118.3,0,39.8,0,39.8V0h1000v36.5c0,0-28.2-18.5-92.1-18.5C810.2,18.1,775.7,67.3,734,67.3z\"\/>\n\t<path class=\"elementor-shape-fill\" d=\"M766.1,28.9c-200-57.5-266,65.5-395.1,19.5C242,1.8,242,5.4,184.8,20.6C128,35.8,132.3,44.9,89.9,52.5C28.6,63.7,0,0,0,0 h1000c0,0-9.9,40.9-83.6,48.1S829.6,47,766.1,28.9z\"\/>\n<\/svg>\t\t<\/div>\n\t\t\t\t<div class=\"elementor-shape elementor-shape-bottom\" aria-hidden=\"true\" data-negative=\"false\">\n\t\t\t<svg xmlns=\"http:\/\/www.w3.org\/2000\/svg\" viewBox=\"0 0 1000 100\" preserveAspectRatio=\"none\">\n\t<path class=\"elementor-shape-fill\" opacity=\"0.33\" d=\"M473,67.3c-203.9,88.3-263.1-34-320.3,0C66,119.1,0,59.7,0,59.7V0h1000v59.7 c0,0-62.1,26.1-94.9,29.3c-32.8,3.3-62.8-12.3-75.8-22.1C806,49.6,745.3,8.7,694.9,4.7S492.4,59,473,67.3z\"\/>\n\t<path class=\"elementor-shape-fill\" opacity=\"0.66\" d=\"M734,67.3c-45.5,0-77.2-23.2-129.1-39.1c-28.6-8.7-150.3-10.1-254,39.1 s-91.7-34.4-149.2,0C115.7,118.3,0,39.8,0,39.8V0h1000v36.5c0,0-28.2-18.5-92.1-18.5C810.2,18.1,775.7,67.3,734,67.3z\"\/>\n\t<path class=\"elementor-shape-fill\" d=\"M766.1,28.9c-200-57.5-266,65.5-395.1,19.5C242,1.8,242,5.4,184.8,20.6C128,35.8,132.3,44.9,89.9,52.5C28.6,63.7,0,0,0,0 h1000c0,0-9.9,40.9-83.6,48.1S829.6,47,766.1,28.9z\"\/>\n<\/svg>\t\t<\/div>\n\t\t\t\t<div class=\"elementor-element elementor-element-d70f6e7 elementor-widget elementor-widget-heading\" data-id=\"d70f6e7\" data-element_type=\"widget\" data-e-type=\"widget\" data-widget_type=\"heading.default\">\n\t\t\t\t<div class=\"elementor-widget-container\">\n\t\t\t\t\t<h2 class=\"elementor-heading-title elementor-size-default\">F\u00fcr jeden Gang die richtige Strecke<\/h2>\t\t\t\t<\/div>\n\t\t\t\t<\/div>\n\t\t\t\t<div class=\"elementor-element elementor-element-75c1f87 elementor-widget elementor-widget-text-editor\" data-id=\"75c1f87\" data-element_type=\"widget\" data-e-type=\"widget\" data-widget_type=\"text-editor.default\">\n\t\t\t\t<div class=\"elementor-widget-container\">\n\t\t\t\t\t\t\t\t\t<ul><li data-path-to-node=\"7,0,0\"><b>F\u00fcr Genussradler &amp; Familien:<\/b> Bleiben Sie im Tal! Die Wege zwischen den Ortschaften sind meist flach und f\u00fchren entspannt am Wasser oder an Wiesen entlang. Ideal f\u00fcr eine kleine Feierabendrunde oder den Sonntagsausflug mit Kindern.<\/li><li data-path-to-node=\"7,0,0\"><b>F\u00fcr Mountainbiker &amp; Sportler:<\/b> Sie suchen den &#8222;Kick&#8220;? Dann ab nach oben! Touren rund um den Poppenberg, zum Netzkater oder hoch nach Sophienhof fordern die Waden. Freuen Sie sich auf Waldwege, Singletrails und ordentlich H\u00f6henmeter.<\/li><li><p data-path-to-node=\"7,1,0\"><b>F\u00fcr E-Biker:<\/b> Dank elektrischer Unterst\u00fctzung verliert der Harz seinen Schrecken. Erklimmen Sie m\u00fchelos die H\u00f6henz\u00fcge rund um Neustadt oder radeln Sie bis zum &#8222;Hexenbesen&#8220; nach Rothes\u00fctte. Mit dem E-Bike wird der ganze S\u00fcdharz zu Ihrem Spielplatz.<\/p><\/li><\/ul>\t\t\t\t\t\t\t\t<\/div>\n\t\t\t\t<\/div>\n\t\t\t\t\t<\/div>\n\t\t\t\t<\/div>\n\t\t<div class=\"elementor-element elementor-element-5a9c7af e-flex e-con-boxed e-con e-parent\" data-id=\"5a9c7af\" data-element_type=\"container\" data-e-type=\"container\">\n\t\t\t\t\t<div class=\"e-con-inner\">\n\t\t\t\t<div class=\"elementor-element elementor-element-a6cab93 elementor-widget elementor-widget-heading\" data-id=\"a6cab93\" data-element_type=\"widget\" data-e-type=\"widget\" data-widget_type=\"heading.default\">\n\t\t\t\t<div class=\"elementor-widget-container\">\n\t\t\t\t\t<h1 class=\"elementor-heading-title elementor-size-default\">Alle Radtouren rund um Harztor<\/h1>\t\t\t\t<\/div>\n\t\t\t\t<\/div>\n\t\t\t\t<div class=\"elementor-element elementor-element-c5e43e1 elementor-widget elementor-widget-text-editor\" data-id=\"c5e43e1\" data-element_type=\"widget\" data-e-type=\"widget\" data-widget_type=\"text-editor.default\">\n\t\t\t\t<div class=\"elementor-widget-container\">\n\t\t\t\t\t\t\t\t\t<p><strong>Tipp: Stempeljagd per Rad<\/strong><br \/>Wandern ist nicht die einzige Art, die begehrten Stempel der Harzer Wandernadel zu sammeln. Viele unserer Stempelk\u00e4sten, wie der am Poppenbergturm oder an der Ziegenalm, lassen sich hervorragend mit dem Fahrrad ansteuern.<\/p><p><strong>Steigen Sie auf und entdecken Sie Harztor aus einer neuen Perspektive!<\/strong><\/p>\t\t\t\t\t\t\t\t<\/div>\n\t\t\t\t<\/div>\n\t\t\t\t\t<\/div>\n\t\t\t\t<\/div>\n\t\t<div class=\"elementor-element elementor-element-47b4e54 e-flex e-con-boxed e-con e-parent\" data-id=\"47b4e54\" data-element_type=\"container\" data-e-type=\"container\">\n\t\t\t\t\t<div class=\"e-con-inner\">\n\t\t\t\t<div class=\"elementor-element elementor-element-499fd4a elementor-widget elementor-widget-taxonomy-filter\" data-id=\"499fd4a\" data-element_type=\"widget\" data-e-type=\"widget\" data-settings=\"{&quot;selected_element&quot;:&quot;6aa7a04&quot;,&quot;taxonomy&quot;:&quot;eignung&quot;,&quot;item_alignment_horizontal&quot;:&quot;start&quot;,&quot;multiple_selection&quot;:&quot;no&quot;,&quot;horizontal_scroll&quot;:&quot;disable&quot;}\" data-widget_type=\"taxonomy-filter.default\">\n\t\t\t\t<div class=\"elementor-widget-container\">\n\t\t\t\t\t\t\t<search class=\"e-filter\" role=\"search\" data-base-url=\"https:\/\/harztor-erlebenswert.de\/en\/\" data-page-num=\"1\">\n\t\t\t\t\t\t\t<button class=\"e-filter-item\" data-filter=\"sport\" aria-pressed=\"false\">\ud83d\udd34 F\u00fcr Sportler<\/button>\n\t\t\t\t\t\t\t<button class=\"e-filter-item\" data-filter=\"aktiv\" aria-pressed=\"false\">\ud83d\udfe1 F\u00fcr Wanderer<\/button>\n\t\t\t\n\t\t\t\t\t\t\t\t\t<button class=\"e-filter-item\" data-filter=\"__all\" aria-pressed=\"true\">\n\t\t\t\tAlle\t\t\t<\/button>\n\t\t\t\t\t<\/search>\n\t\t\t\t\t\t<\/div>\n\t\t\t\t<\/div>\n\t\t\t\t\t<\/div>\n\t\t\t\t<\/div>\n\t\t<div class=\"elementor-element elementor-element-66716e1 e-flex e-con-boxed e-con e-parent\" data-id=\"66716e1\" data-element_type=\"container\" data-e-type=\"container\">\n\t\t\t\t\t<div class=\"e-con-inner\">\n\t\t\t\t<div class=\"elementor-element elementor-element-6aa7a04 elementor-grid-4 elementor-grid-tablet-2 elementor-grid-mobile-1 elementor-widget elementor-widget-loop-grid\" data-id=\"6aa7a04\" data-element_type=\"widget\" data-e-type=\"widget\" data-settings=\"{&quot;template_id&quot;:3468,&quot;pagination_type&quot;:&quot;load_more_infinite_scroll&quot;,&quot;columns&quot;:4,&quot;row_gap&quot;:{&quot;unit&quot;:&quot;px&quot;,&quot;size&quot;:25,&quot;sizes&quot;:[]},&quot;_skin&quot;:&quot;post&quot;,&quot;columns_tablet&quot;:&quot;2&quot;,&quot;columns_mobile&quot;:&quot;1&quot;,&quot;edit_handle_selector&quot;:&quot;[data-elementor-type=\\&quot;loop-item\\&quot;]&quot;,&quot;load_more_spinner&quot;:{&quot;value&quot;:&quot;fas fa-spinner&quot;,&quot;library&quot;:&quot;fa-solid&quot;},&quot;row_gap_tablet&quot;:{&quot;unit&quot;:&quot;px&quot;,&quot;size&quot;:&quot;&quot;,&quot;sizes&quot;:[]},&quot;row_gap_mobile&quot;:{&quot;unit&quot;:&quot;px&quot;,&quot;size&quot;:&quot;&quot;,&quot;sizes&quot;:[]}}\" data-widget_type=\"loop-grid.post\">\n\t\t\t\t<div class=\"elementor-widget-container\">\n\t\t\t\t\t\t\t<div class=\"elementor-loop-container elementor-grid\" role=\"list\">\n\t\t<style id=\"loop-3468\">.elementor-3468 .elementor-element.elementor-element-077d16b{--display:flex;--gap:25px 25px;--row-gap:25px;--column-gap:25px;border-style:solid;--border-style:solid;border-width:1px 1px 1px 1px;--border-top-width:1px;--border-right-width:1px;--border-bottom-width:1px;--border-left-width:1px;border-color:var( --e-global-color-accent );--border-color:var( --e-global-color-accent );--border-radius:25px 25px 25px 25px;--padding-top:25px;--padding-bottom:25px;--padding-left:25px;--padding-right:25px;}.elementor-3468 .elementor-element.elementor-element-26d6de1 .elementor-heading-title{font-size:24px;}.elementor-3468 .elementor-element.elementor-element-901de4d .elementor-heading-title{font-family:\"Oswald\", Sans-serif;font-size:24px;font-weight:600;line-height:28px;letter-spacing:0.5px;color:var( --e-global-color-secondary );}@media(max-width:767px){.elementor-3468 .elementor-element.elementor-element-077d16b{--justify-content:center;--gap:0px 0px;--row-gap:0px;--column-gap:0px;--padding-top:10px;--padding-bottom:0px;--padding-left:0px;--padding-right:0px;}.elementor-3468 .elementor-element.elementor-element-26d6de1 .elementor-heading-title{font-size:18px;}.elementor-3468 .elementor-element.elementor-element-901de4d .elementor-heading-title{font-size:18px;}}<\/style>\t\t<div data-elementor-type=\"loop-item\" data-elementor-id=\"3468\" class=\"elementor elementor-3468 e-loop-item e-loop-item-3875 post-3875 touren type-touren status-publish hentry touren_art-radtour eignung-aktiv\" data-elementor-post-type=\"elementor_library\" data-custom-edit-handle=\"1\">\n\t\t\t<div class=\"elementor-element elementor-element-077d16b e-flex e-con-boxed e-con e-parent\" data-id=\"077d16b\" data-element_type=\"container\" data-e-type=\"container\">\n\t\t\t\t\t<div class=\"e-con-inner\">\n\t\t\t\t<div class=\"elementor-element elementor-element-26d6de1 elementor-invisible elementor-widget elementor-widget-heading\" data-id=\"26d6de1\" data-element_type=\"widget\" data-e-type=\"widget\" data-settings=\"{&quot;_animation&quot;:&quot;fadeInLeft&quot;}\" data-widget_type=\"heading.default\">\n\t\t\t\t<div class=\"elementor-widget-container\">\n\t\t\t\t\t<h2 class=\"elementor-heading-title elementor-size-default\"><span>\ud83d\udfe1 F\u00fcr Wanderer<\/span>:<\/h2>\t\t\t\t<\/div>\n\t\t\t\t<\/div>\n\t\t\t\t<div class=\"elementor-element elementor-element-901de4d elementor-widget elementor-widget-theme-post-title elementor-page-title elementor-widget-heading\" data-id=\"901de4d\" data-element_type=\"widget\" data-e-type=\"widget\" data-widget_type=\"theme-post-title.default\">\n\t\t\t\t<div class=\"elementor-widget-container\">\n\t\t\t\t\t<h1 class=\"elementor-heading-title elementor-size-default\"><a href=\"https:\/\/harztor-erlebenswert.de\/en\/touren\/poppenbergrunde-ueber-braunsteinhaus\/\">Poppenbergrunde \u00fcber Braunsteinhaus<\/a><\/h1>\t\t\t\t<\/div>\n\t\t\t\t<\/div>\n\t\t\t\t\t<\/div>\n\t\t\t\t<\/div>\n\t\t\t\t<\/div>\n\t\t\t\t<div data-elementor-type=\"loop-item\" data-elementor-id=\"3468\" class=\"elementor elementor-3468 e-loop-item e-loop-item-3860 post-3860 touren type-touren status-publish hentry touren_art-radtour eignung-sport\" data-elementor-post-type=\"elementor_library\" data-custom-edit-handle=\"1\">\n\t\t\t<div class=\"elementor-element elementor-element-077d16b e-flex e-con-boxed e-con e-parent\" data-id=\"077d16b\" data-element_type=\"container\" data-e-type=\"container\">\n\t\t\t\t\t<div class=\"e-con-inner\">\n\t\t\t\t<div class=\"elementor-element elementor-element-26d6de1 elementor-invisible elementor-widget elementor-widget-heading\" data-id=\"26d6de1\" data-element_type=\"widget\" data-e-type=\"widget\" data-settings=\"{&quot;_animation&quot;:&quot;fadeInLeft&quot;}\" data-widget_type=\"heading.default\">\n\t\t\t\t<div class=\"elementor-widget-container\">\n\t\t\t\t\t<h2 class=\"elementor-heading-title elementor-size-default\"><span>\ud83d\udd34 F\u00fcr Sportler<\/span>:<\/h2>\t\t\t\t<\/div>\n\t\t\t\t<\/div>\n\t\t\t\t<div class=\"elementor-element elementor-element-901de4d elementor-widget elementor-widget-theme-post-title elementor-page-title elementor-widget-heading\" data-id=\"901de4d\" data-element_type=\"widget\" data-e-type=\"widget\" data-widget_type=\"theme-post-title.default\">\n\t\t\t\t<div class=\"elementor-widget-container\">\n\t\t\t\t\t<h1 class=\"elementor-heading-title elementor-size-default\"><a href=\"https:\/\/harztor-erlebenswert.de\/en\/touren\/von-neustadt-zum-hexenbesen\/\">Von Neustadt zum Hexenbesen<\/a><\/h1>\t\t\t\t<\/div>\n\t\t\t\t<\/div>\n\t\t\t\t\t<\/div>\n\t\t\t\t<\/div>\n\t\t\t\t<\/div>\n\t\t\t\t<\/div>\n\t\t\t\t\t<span class=\"e-load-more-spinner\">\n\t\t\t\t<svg aria-hidden=\"true\" class=\"e-font-icon-svg e-fas-spinner\" viewBox=\"0 0 512 512\" xmlns=\"http:\/\/www.w3.org\/2000\/svg\"><path d=\"M304 48c0 26.51-21.49 48-48 48s-48-21.49-48-48 21.49-48 48-48 48 21.49 48 48zm-48 368c-26.51 0-48 21.49-48 48s21.49 48 48 48 48-21.49 48-48-21.49-48-48-48zm208-208c-26.51 0-48 21.49-48 48s21.49 48 48 48 48-21.49 48-48-21.49-48-48-48zM96 256c0-26.51-21.49-48-48-48S0 229.49 0 256s21.49 48 48 48 48-21.49 48-48zm12.922 99.078c-26.51 0-48 21.49-48 48s21.49 48 48 48 48-21.49 48-48c0-26.509-21.491-48-48-48zm294.156 0c-26.51 0-48 21.49-48 48s21.49 48 48 48 48-21.49 48-48c0-26.509-21.49-48-48-48zM108.922 60.922c-26.51 0-48 21.49-48 48s21.49 48 48 48 48-21.49 48-48-21.491-48-48-48z\"><\/path><\/svg>\t\t\t<\/span>\n\t\t\n\t\t\t\t\t\t<\/div>\n\t\t\t\t<\/div>\n\t\t\t\t\t<\/div>\n\t\t\t\t<\/div>\n\t\t\t\t<\/div>\n\t\t","protected":false},"excerpt":{"rendered":"<p>S\u00fcdharz auf zwei R\u00e4dern \u2013 Natur &#8222;erfahren&#8220; Ob mit dem Mountainbike \u00fcber Wurzeln, mit dem E-Bike zu den h\u00f6chsten Aussichtspunkten oder ganz entspannt mit der Familie durch das Tal: Harztor bietet Radfahrern die perfekte Mischung aus Herausforderung und Genuss. \u00dcber Berg und TalUnsere Landschaft ist wie gemacht f\u00fcr Abwechslung. In den T\u00e4lern der Bere und [&hellip;]<\/p>\n","protected":false},"author":1,"featured_media":0,"parent":3425,"menu_order":0,"comment_status":"closed","ping_status":"closed","template":"","meta":{"_acf_changed":false,"footnotes":""},"class_list":["post-3858","page","type-page","status-publish","hentry"],"acf":[],"_links":{"self":[{"href":"https:\/\/harztor-erlebenswert.de\/en\/wp-json\/wp\/v2\/pages\/3858","targetHints":{"allow":["GET"]}}],"collection":[{"href":"https:\/\/harztor-erlebenswert.de\/en\/wp-json\/wp\/v2\/pages"}],"about":[{"href":"https:\/\/harztor-erlebenswert.de\/en\/wp-json\/wp\/v2\/types\/page"}],"author":[{"embeddable":true,"href":"https:\/\/harztor-erlebenswert.de\/en\/wp-json\/wp\/v2\/users\/1"}],"replies":[{"embeddable":true,"href":"https:\/\/harztor-erlebenswert.de\/en\/wp-json\/wp\/v2\/comments?post=3858"}],"version-history":[{"count":28,"href":"https:\/\/harztor-erlebenswert.de\/en\/wp-json\/wp\/v2\/pages\/3858\/revisions"}],"predecessor-version":[{"id":5547,"href":"https:\/\/harztor-erlebenswert.de\/en\/wp-json\/wp\/v2\/pages\/3858\/revisions\/5547"}],"up":[{"embeddable":true,"href":"https:\/\/harztor-erlebenswert.de\/en\/wp-json\/wp\/v2\/pages\/3425"}],"wp:attachment":[{"href":"https:\/\/harztor-erlebenswert.de\/en\/wp-json\/wp\/v2\/media?parent=3858"}],"curies":[{"name":"wp","href":"https:\/\/api.w.org\/{rel}","templated":true}]}}