{"id":4739,"date":"2025-12-30T05:55:45","date_gmt":"2025-12-30T05:55:45","guid":{"rendered":"https:\/\/harztor-erlebenswert.de\/?page_id=4739"},"modified":"2026-01-08T13:15:36","modified_gmt":"2026-01-08T13:15:36","slug":"kurkarten-partner-werden","status":"publish","type":"page","link":"https:\/\/harztor-erlebenswert.de\/en\/kurbeitrag\/kurkarten-partner-werden\/","title":{"rendered":"Become a spa card partner"},"content":{"rendered":"<div data-elementor-type=\"wp-page\" data-elementor-id=\"4739\" class=\"elementor elementor-4739\" data-elementor-post-type=\"page\">\n\t\t\t\t<div class=\"elementor-element elementor-element-9bfe346 e-flex e-con-boxed e-con e-parent\" data-id=\"9bfe346\" data-element_type=\"container\" data-e-type=\"container\">\n\t\t\t\t\t<div class=\"e-con-inner\">\n\t\t\t\t<div class=\"elementor-element elementor-element-71a1320 elementor-widget elementor-widget-heading\" data-id=\"71a1320\" data-element_type=\"widget\" data-e-type=\"widget\" data-widget_type=\"heading.default\">\n\t\t\t\t<div class=\"elementor-widget-container\">\n\t\t\t\t\t<h1 class=\"elementor-heading-title elementor-size-default\">Kurkarten-Partner profitieren von Kurg\u00e4sten<\/h1>\t\t\t\t<\/div>\n\t\t\t\t<\/div>\n\t\t\t\t\t<\/div>\n\t\t\t\t<\/div>\n\t\t<div class=\"elementor-element elementor-element-d407225 e-flex e-con-boxed elementor-invisible e-con e-parent\" data-id=\"d407225\" data-element_type=\"container\" data-e-type=\"container\" data-settings=\"{&quot;animation&quot;:&quot;fadeInUp&quot;}\">\n\t\t\t\t\t<div class=\"e-con-inner\">\n\t\t<div class=\"elementor-element elementor-element-6092c59 e-con-full e-flex e-con e-child\" data-id=\"6092c59\" data-element_type=\"container\" data-e-type=\"container\" data-settings=\"{&quot;background_background&quot;:&quot;classic&quot;}\">\n\t\t\t\t<div class=\"elementor-element elementor-element-a4983ef e-transform elementor-widget elementor-widget-image\" data-id=\"a4983ef\" data-element_type=\"widget\" data-e-type=\"widget\" data-settings=\"{&quot;_transform_rotateZ_effect&quot;:{&quot;unit&quot;:&quot;px&quot;,&quot;size&quot;:-5,&quot;sizes&quot;:[]},&quot;_transform_rotateZ_effect_tablet&quot;:{&quot;unit&quot;:&quot;deg&quot;,&quot;size&quot;:&quot;&quot;,&quot;sizes&quot;:[]},&quot;_transform_rotateZ_effect_mobile&quot;:{&quot;unit&quot;:&quot;deg&quot;,&quot;size&quot;:&quot;&quot;,&quot;sizes&quot;:[]}}\" data-widget_type=\"image.default\">\n\t\t\t\t<div class=\"elementor-widget-container\">\n\t\t\t\t\t\t\t\t\t\t\t\t\t\t\t<img decoding=\"async\" src=\"https:\/\/harztor-erlebenswert.de\/wp-content\/uploads\/2025\/12\/kurkarten_partner.svg\" title=\"kurkarten_partner\" alt=\"kurkarten_partner\" loading=\"lazy\" \/>\t\t\t\t\t\t\t\t\t\t\t\t\t\t\t<\/div>\n\t\t\t\t<\/div>\n\t\t\t\t<div class=\"elementor-element elementor-element-739adba e-transform elementor-widget elementor-widget-image\" data-id=\"739adba\" data-element_type=\"widget\" data-e-type=\"widget\" data-settings=\"{&quot;_transform_rotateZ_effect&quot;:{&quot;unit&quot;:&quot;px&quot;,&quot;size&quot;:-5,&quot;sizes&quot;:[]},&quot;_transform_rotateZ_effect_tablet&quot;:{&quot;unit&quot;:&quot;deg&quot;,&quot;size&quot;:&quot;&quot;,&quot;sizes&quot;:[]},&quot;_transform_rotateZ_effect_mobile&quot;:{&quot;unit&quot;:&quot;deg&quot;,&quot;size&quot;:&quot;&quot;,&quot;sizes&quot;:[]}}\" data-widget_type=\"image.default\">\n\t\t\t\t<div class=\"elementor-widget-container\">\n\t\t\t\t\t\t\t\t\t\t\t\t\t\t\t<img fetchpriority=\"high\" decoding=\"async\" width=\"1024\" height=\"1280\" src=\"https:\/\/harztor-erlebenswert.de\/wp-content\/uploads\/2025\/12\/qr_code_kurkarte-1.webp\" class=\"attachment-full size-full wp-image-4664\" alt=\"\" srcset=\"https:\/\/harztor-erlebenswert.de\/wp-content\/uploads\/2025\/12\/qr_code_kurkarte-1.webp 1024w, https:\/\/harztor-erlebenswert.de\/wp-content\/uploads\/2025\/12\/qr_code_kurkarte-1-240x300.webp 240w, https:\/\/harztor-erlebenswert.de\/wp-content\/uploads\/2025\/12\/qr_code_kurkarte-1-819x1024.webp 819w, https:\/\/harztor-erlebenswert.de\/wp-content\/uploads\/2025\/12\/qr_code_kurkarte-1-768x960.webp 768w, https:\/\/harztor-erlebenswert.de\/wp-content\/uploads\/2025\/12\/qr_code_kurkarte-1-10x12.webp 10w, https:\/\/harztor-erlebenswert.de\/wp-content\/uploads\/2025\/12\/qr_code_kurkarte-1-600x750.webp 600w\" sizes=\"(max-width: 1024px) 100vw, 1024px\" \/>\t\t\t\t\t\t\t\t\t\t\t\t\t\t\t<\/div>\n\t\t\t\t<\/div>\n\t\t\t\t<div class=\"elementor-element elementor-element-28e31e4 elementor-widget elementor-widget-heading\" data-id=\"28e31e4\" data-element_type=\"widget\" data-e-type=\"widget\" data-widget_type=\"heading.default\">\n\t\t\t\t<div class=\"elementor-widget-container\">\n\t\t\t\t\t<h3 class=\"elementor-heading-title elementor-size-default\">Einfach QR-Code scannen.<\/h3>\t\t\t\t<\/div>\n\t\t\t\t<\/div>\n\t\t\t\t<\/div>\n\t\t<div class=\"elementor-element elementor-element-15729a5 e-con-full e-flex e-con e-child\" data-id=\"15729a5\" data-element_type=\"container\" data-e-type=\"container\">\n\t\t\t\t<div class=\"elementor-element elementor-element-3778419 elementor-widget elementor-widget-text-editor\" data-id=\"3778419\" data-element_type=\"widget\" data-e-type=\"widget\" data-widget_type=\"text-editor.default\">\n\t\t\t\t<div class=\"elementor-widget-container\">\n\t\t\t\t\t\t\t\t\t<p data-path-to-node=\"9\">Use the spa card to attract more customers to your business! As an official partner of the Neustadt\/Harz spa card, you can offer overnight guests a little extra (e.g., a discount or a free service) and thus attract new customers to your establishment.<\/p>\n<p data-path-to-node=\"10\">Guests are actively looking for ways to use their cards. Make your caf\u00e9, shop, or leisure facility the destination of their search.<\/p>\t\t\t\t\t\t\t\t<\/div>\n\t\t\t\t<\/div>\n\t\t\t\t<div class=\"elementor-element elementor-element-f4d4414 elementor-widget elementor-widget-heading\" data-id=\"f4d4414\" data-element_type=\"widget\" data-e-type=\"widget\" data-widget_type=\"heading.default\">\n\t\t\t\t<div class=\"elementor-widget-container\">\n\t\t\t\t\t<h3 class=\"elementor-heading-title elementor-size-default\">Your benefits as a partner:<\/h3>\t\t\t\t<\/div>\n\t\t\t\t<\/div>\n\t\t\t\t<div class=\"elementor-element elementor-element-c033ee0 elementor-widget elementor-widget-text-editor\" data-id=\"c033ee0\" data-element_type=\"widget\" data-e-type=\"widget\" data-widget_type=\"text-editor.default\">\n\t\t\t\t<div class=\"elementor-widget-container\">\n\t\t\t\t\t\t\t\t\t<ul><li><strong>Free marketing<\/strong>: We will list your offer on our website and in the information materials for the spa card.<\/li><li><span style=\"font-family: var(--total-body-family, Poppins); font-size: var(--total-body-size, 17px); font-style: var(--total-body-style, normal); letter-spacing: var(--total-body-letter-spacing, 0); text-transform: var(--total-body-text-transform, none); text-decoration: var(--total-body-text-decoration, none);\"><strong>New customers<\/strong>: Guests are more likely to choose offers that allow them to save money or receive a bonus.<\/span><\/li><li><span style=\"font-family: var(--total-body-family, Poppins); font-size: var(--total-body-size, 17px); font-style: var(--total-body-style, normal); letter-spacing: var(--total-body-letter-spacing, 0); text-transform: var(--total-body-text-transform, none); text-decoration: var(--total-body-text-decoration, none);\"><strong>Image gain<\/strong>: Show your connection to the region and your hospitality.<\/span><\/li><\/ul>\t\t\t\t\t\t\t\t<\/div>\n\t\t\t\t<\/div>\n\t\t\t\t<div class=\"elementor-element elementor-element-0fc0de6 elementor-widget elementor-widget-heading\" data-id=\"0fc0de6\" data-element_type=\"widget\" data-e-type=\"widget\" data-widget_type=\"heading.default\">\n\t\t\t\t<div class=\"elementor-widget-container\">\n\t\t\t\t\t<h3 class=\"elementor-heading-title elementor-size-default\">So k\u00f6nnte Ihr Vorteil f\u00fcr die Kurg\u00e4ste aussehen:<\/h3>\t\t\t\t<\/div>\n\t\t\t\t<\/div>\n\t\t\t\t<div class=\"elementor-element elementor-element-a63c1fd elementor-widget elementor-widget-text-editor\" data-id=\"a63c1fd\" data-element_type=\"widget\" data-e-type=\"widget\" data-widget_type=\"text-editor.default\">\n\t\t\t\t<div class=\"elementor-widget-container\">\n\t\t\t\t\t\t\t\t\t<ul>\n<li><strong>Gastronomy<\/strong>: \"A free espresso after your meal\" or \"5% discount on the main course\"<\/li>\n<li><strong>Leisure time<\/strong>: \"\u20ac1.00 discount on the admission price\" or \"Free rental of accessories\"<\/li>\n<li><strong>Shops<\/strong>: \"Free small souvenir with purchases over \u20ac20\"<\/li>\n<\/ul>\t\t\t\t\t\t\t\t<\/div>\n\t\t\t\t<\/div>\n\t\t\t\t<div class=\"elementor-element elementor-element-905b6ec elementor-widget elementor-widget-heading\" data-id=\"905b6ec\" data-element_type=\"widget\" data-e-type=\"widget\" data-widget_type=\"heading.default\">\n\t\t\t\t<div class=\"elementor-widget-container\">\n\t\t\t\t\t<h3 class=\"elementor-heading-title elementor-size-default\">Have we sparked your interest?<\/h3>\t\t\t\t<\/div>\n\t\t\t\t<\/div>\n\t\t\t\t<div class=\"elementor-element elementor-element-2929767 elementor-widget elementor-widget-text-editor\" data-id=\"2929767\" data-element_type=\"widget\" data-e-type=\"widget\" data-widget_type=\"text-editor.default\">\n\t\t\t\t<div class=\"elementor-widget-container\">\n\t\t\t\t\t\t\t\t\t<h4 data-path-to-node=\"13\"><span style=\"font-family: var(--total-body-family, Poppins); font-size: var(--total-body-size, 17px); font-style: var(--total-body-style, normal); letter-spacing: var(--total-body-letter-spacing, 0); text-transform: var(--total-body-text-transform, none); text-decoration: var(--total-body-text-decoration, none);\">Let's put together an attractive package for our guests. Just get in touch with us\u2014we'll be happy to discuss which offer suits your business.<\/span><\/h4>\n<p data-path-to-node=\"13\"><b data-path-to-node=\"20\" data-index-in-node=\"0\">Call us:<\/b> Harztor Tourist Information Center, <span style=\"text-align: var(--text-align); font-family: var(--total-body-family, Poppins); font-size: var(--total-body-size, 17px); font-style: var(--total-body-style, normal); letter-spacing: var(--total-body-letter-spacing, 0); text-transform: var(--total-body-text-transform, none); text-decoration: var(--total-body-text-decoration, none);\">phone: <a href=\"tel:03633146277\" target=\"_blank\" rel=\"noopener\">036331 462-77<\/a>, or send us an email.<\/span><\/p>\t\t\t\t\t\t\t\t<\/div>\n\t\t\t\t<\/div>\n\t\t\t\t<div class=\"elementor-element elementor-element-f9bf25b elementor-button-success elementor-align-center elementor-widget elementor-widget-button\" data-id=\"f9bf25b\" data-element_type=\"widget\" data-e-type=\"widget\" data-widget_type=\"button.default\">\n\t\t\t\t<div class=\"elementor-widget-container\">\n\t\t\t\t\t\t\t\t\t<div class=\"elementor-button-wrapper\">\n\t\t\t\t\t<a class=\"elementor-button elementor-button-link elementor-size-sm\" href=\"mailto:tourismus@harztor.de\" target=\"_blank\">\n\t\t\t\t\t\t<span class=\"elementor-button-content-wrapper\">\n\t\t\t\t\t\t\t\t\t<span class=\"elementor-button-text\">Email: tourismus@harztor.de<\/span>\n\t\t\t\t\t<\/span>\n\t\t\t\t\t<\/a>\n\t\t\t\t<\/div>\n\t\t\t\t\t\t\t\t<\/div>\n\t\t\t\t<\/div>\n\t\t\t\t<\/div>\n\t\t\t\t\t<\/div>\n\t\t\t\t<\/div>\n\t\t\t\t<\/div>","protected":false},"excerpt":{"rendered":"<p>Kurkarten-Partner profitieren von Kurg\u00e4sten Einfach QR-Code scannen. Nutzen Sie die Kurkarte als Frequenzbringer f\u00fcr Ihr Gesch\u00e4ft! Als offizieller Partner der Kurkarte Neustadt\/Harz bieten Sie \u00dcbernachtungsg\u00e4sten einen kleinen Mehrwert (z. B. einen Rabatt oder eine Gratis-Leistung) und lenken so gezielt neue Kunden in Ihr Haus. Die G\u00e4ste suchen aktiv nach M\u00f6glichkeiten, ihre Karte einzusetzen. Machen Sie [&hellip;]<\/p>\n","protected":false},"author":1,"featured_media":0,"parent":4809,"menu_order":0,"comment_status":"closed","ping_status":"closed","template":"","meta":{"_acf_changed":false,"footnotes":""},"class_list":["post-4739","page","type-page","status-publish","hentry"],"acf":[],"_links":{"self":[{"href":"https:\/\/harztor-erlebenswert.de\/en\/wp-json\/wp\/v2\/pages\/4739","targetHints":{"allow":["GET"]}}],"collection":[{"href":"https:\/\/harztor-erlebenswert.de\/en\/wp-json\/wp\/v2\/pages"}],"about":[{"href":"https:\/\/harztor-erlebenswert.de\/en\/wp-json\/wp\/v2\/types\/page"}],"author":[{"embeddable":true,"href":"https:\/\/harztor-erlebenswert.de\/en\/wp-json\/wp\/v2\/users\/1"}],"replies":[{"embeddable":true,"href":"https:\/\/harztor-erlebenswert.de\/en\/wp-json\/wp\/v2\/comments?post=4739"}],"version-history":[{"count":6,"href":"https:\/\/harztor-erlebenswert.de\/en\/wp-json\/wp\/v2\/pages\/4739\/revisions"}],"predecessor-version":[{"id":6171,"href":"https:\/\/harztor-erlebenswert.de\/en\/wp-json\/wp\/v2\/pages\/4739\/revisions\/6171"}],"up":[{"embeddable":true,"href":"https:\/\/harztor-erlebenswert.de\/en\/wp-json\/wp\/v2\/pages\/4809"}],"wp:attachment":[{"href":"https:\/\/harztor-erlebenswert.de\/en\/wp-json\/wp\/v2\/media?parent=4739"}],"curies":[{"name":"wp","href":"https:\/\/api.w.org\/{rel}","templated":true}]}}