{"id":5782,"date":"2026-03-21T20:51:13","date_gmt":"2026-03-21T19:51:13","guid":{"rendered":"https:\/\/harztor-erlebenswert.de\/?page_id=5782"},"modified":"2026-03-21T20:59:45","modified_gmt":"2026-03-21T19:59:45","slug":"gesundheit-wellness","status":"publish","type":"page","link":"https:\/\/harztor-erlebenswert.de\/en\/gesundheit-wellness\/","title":{"rendered":"Gesundheit &amp; Wellness"},"content":{"rendered":"<div data-elementor-type=\"wp-page\" data-elementor-id=\"5782\" class=\"elementor elementor-5782\" data-elementor-post-type=\"page\">\n\t\t\t\t<div class=\"elementor-element elementor-element-5c44f80 e-flex e-con-boxed elementor-invisible e-con e-parent\" data-id=\"5c44f80\" data-element_type=\"container\" data-e-type=\"container\" data-settings=\"{&quot;animation&quot;:&quot;fadeInUp&quot;}\">\n\t\t\t\t\t<div class=\"e-con-inner\">\n\t\t<div class=\"elementor-element elementor-element-1b9db81 e-con-full e-flex e-con e-child\" data-id=\"1b9db81\" data-element_type=\"container\" data-e-type=\"container\">\n\t\t\t\t<div class=\"elementor-element elementor-element-0592820 premium-search__whole-link-yes premium-search__effect-zoomin elementor-widget elementor-widget-premium-search-form\" data-id=\"0592820\" data-element_type=\"widget\" data-e-type=\"widget\" data-widget_type=\"premium-search-form.default\">\n\t\t\t\t<div class=\"elementor-widget-container\">\n\t\t\t\t\t\n\t\t\t<div data-page=\"5782\" class=\"premium-search__container premium-search__skin-classic\" data-settings=\"{&quot;query&quot;:&quot;post&quot;,&quot;hideOnClick&quot;:true,&quot;results_number&quot;:true,&quot;buttonAction&quot;:&quot;onpage&quot;}\">\n\n\t\t\t\t\t\t\t\t<div class=\"premium-search__input-btn-wrap\">\n\n\t\t\t\t\t\n\t\t\t\t\t<div class=\"premium-search__input-wrap\">\n\t\t\t\t\t\t<input id=\"premium-search__input-0592820\" type=\"text\" class=\"premium-search__input\" value=\"\" placeholder=\"Suchen ...\">\n\n\t\t\t\t\t\t<div class=\"premium-search__spinner\"><\/div>\n\n\t\t\t\t\t\t\t\t\t\t\t<\/div>\n\n\t\t\t\t\t\n\t\t\t\t\t\t<div class=\"premium-search__btn-wrap\">\n\t\t\t\t\t\t\t<button type=\"button\" class=\"premium-search__btn\" value=\"\" data-page-url=\"\">\n\n\t\t\t\t\t\t\t\t\n\t\t\t\t\t\t\t\t\t<svg aria-hidden=\"true\" class=\"e-font-icon-svg e-fas-search\" viewbox=\"0 0 512 512\" xmlns=\"http:\/\/www.w3.org\/2000\/svg\"><path d=\"M505 442.7L405.3 343c-4.5-4.5-10.6-7-17-7H372c27.6-35.3 44-79.7 44-128C416 93.1 322.9 0 208 0S0 93.1 0 208s93.1 208 208 208c48.3 0 92.7-16.4 128-44v16.3c0 6.4 2.5 12.5 7 17l99.7 99.7c9.4 9.4 24.6 9.4 33.9 0l28.3-28.3c9.4-9.4 9.4-24.6.1-34zM208 336c-70.7 0-128-57.2-128-128 0-70.7 57.2-128 128-128 70.7 0 128 57.2 128 128 0 70.7-57.2 128-128 128z\"><\/path><\/svg>\n\t\t\t\t\t\t\t\t\n\t\t\t\t\t\t\t\t\n\t\t\t\t\t\t\t<\/button>\n\t\t\t\t\t\t<\/div>\n\n\t\t\t\t\t\n\t\t\t\t<\/div>\n\n\t\t\t\t\t\t\t\t\t<div class=\"premium-search__query-wrap query-hidden\"><\/div>\n\t\t\t\t\n\t\t\t<\/div>\n\n\t\t\t\t\t\t<\/div>\n\t\t\t\t<\/div>\n\t\t\t\t<\/div>\n\t\t\t\t\t<\/div>\n\t\t\t\t<\/div>\n\t\t<div class=\"elementor-element elementor-element-42555a0 e-flex e-con-boxed elementor-invisible e-con e-parent\" data-id=\"42555a0\" data-element_type=\"container\" data-e-type=\"container\" data-settings=\"{&quot;animation&quot;:&quot;fadeInUp&quot;}\">\n\t\t\t\t\t<div class=\"e-con-inner\">\n\t\t<div class=\"elementor-element elementor-element-4152e28 e-con-full e-flex e-con e-child\" data-id=\"4152e28\" data-element_type=\"container\" data-e-type=\"container\" data-settings=\"{&quot;background_background&quot;:&quot;classic&quot;}\">\n\t\t\t\t<div class=\"elementor-element elementor-element-03a2b14 elementor-widget elementor-widget-image\" data-id=\"03a2b14\" data-element_type=\"widget\" data-e-type=\"widget\" data-widget_type=\"image.default\">\n\t\t\t\t<div class=\"elementor-widget-container\">\n\t\t\t\t\t\t\t\t\t\t\t\t\t\t\t<img fetchpriority=\"high\" decoding=\"async\" width=\"640\" height=\"480\" src=\"https:\/\/harztor-erlebenswert.de\/wp-content\/uploads\/2025\/12\/murmelbahn_tatjana-1024x768.webp\" class=\"attachment-large size-large wp-image-5550\" alt=\"\" srcset=\"https:\/\/harztor-erlebenswert.de\/wp-content\/uploads\/2025\/12\/murmelbahn_tatjana-1024x768.webp 1024w, https:\/\/harztor-erlebenswert.de\/wp-content\/uploads\/2025\/12\/murmelbahn_tatjana-300x225.webp 300w, https:\/\/harztor-erlebenswert.de\/wp-content\/uploads\/2025\/12\/murmelbahn_tatjana-768x576.webp 768w, https:\/\/harztor-erlebenswert.de\/wp-content\/uploads\/2025\/12\/murmelbahn_tatjana-16x12.webp 16w, https:\/\/harztor-erlebenswert.de\/wp-content\/uploads\/2025\/12\/murmelbahn_tatjana-600x450.webp 600w, https:\/\/harztor-erlebenswert.de\/wp-content\/uploads\/2025\/12\/murmelbahn_tatjana.webp 1536w\" sizes=\"(max-width: 640px) 100vw, 640px\" \/>\t\t\t\t\t\t\t\t\t\t\t\t\t\t\t<\/div>\n\t\t\t\t<\/div>\n\t\t\t\t<\/div>\n\t\t<div class=\"elementor-element elementor-element-f4b5c1c e-con-full e-flex e-con e-child\" data-id=\"f4b5c1c\" data-element_type=\"container\" data-e-type=\"container\">\n\t\t\t\t<div class=\"elementor-element elementor-element-60e3371 elementor-widget elementor-widget-heading\" data-id=\"60e3371\" data-element_type=\"widget\" data-e-type=\"widget\" data-widget_type=\"heading.default\">\n\t\t\t\t<div class=\"elementor-widget-container\">\n\t\t\t\t\t<h1 class=\"elementor-heading-title elementor-size-default\">Lassen Sie es sich gut gehen im sch\u00f6nen S\u00fcdharz<\/h1>\t\t\t\t<\/div>\n\t\t\t\t<\/div>\n\t\t\t\t<div class=\"elementor-element elementor-element-922397a elementor-widget elementor-widget-text-editor\" data-id=\"922397a\" data-element_type=\"widget\" data-e-type=\"widget\" data-widget_type=\"text-editor.default\">\n\t\t\t\t<div class=\"elementor-widget-container\">\n\t\t\t\t\t\t\t\t\t<p data-pm-slice=\"1 1 []\">Schon ein Spaziergang im gesunden Mischwald in und um Harztor ist eine nat\u00fcrliche Aromatherapie der Extraklasse. Wer noch mehr f\u00fcr seine k\u00f6rperliche oder mentale Gesundheit tun m\u00f6chte, auf den warten Dienstleister aus dem Bereich Wellness und Gesundheit. Und auch wenn man einfach etwas Besonderes f\u00fcr sich tun und eine sch\u00f6ne Zeit verbringen m\u00f6chte, ist hier richtig.<\/p>\t\t\t\t\t\t\t\t<\/div>\n\t\t\t\t<\/div>\n\t\t\t\t<\/div>\n\t\t\t\t\t<\/div>\n\t\t\t\t<\/div>\n\t\t<div class=\"elementor-element elementor-element-5105271 e-flex e-con-boxed e-con e-parent\" data-id=\"5105271\" data-element_type=\"container\" data-e-type=\"container\">\n\t\t\t\t\t<div class=\"e-con-inner\">\n\t\t\t\t<div class=\"elementor-element elementor-element-fba890e elementor-widget elementor-widget-heading\" data-id=\"fba890e\" data-element_type=\"widget\" data-e-type=\"widget\" data-widget_type=\"heading.default\">\n\t\t\t\t<div class=\"elementor-widget-container\">\n\t\t\t\t\t<h1 class=\"elementor-heading-title elementor-size-default\">Mentale und k\u00f6rperliche Gesundheit und Wellness<\/h1>\t\t\t\t<\/div>\n\t\t\t\t<\/div>\n\t\t\t\t<div class=\"elementor-element elementor-element-c929f02 premium-blog-align-left elementor-widget elementor-widget-premium-addon-blog\" data-id=\"c929f02\" data-element_type=\"widget\" data-e-type=\"widget\" data-settings=\"{&quot;premium_blog_columns_number&quot;:&quot;25%&quot;,&quot;premium_blog_infinite_scroll&quot;:&quot;yes&quot;,&quot;premium_blog_layout&quot;:&quot;masonry&quot;,&quot;premium_blog_grid&quot;:&quot;yes&quot;,&quot;premium_blog_columns_number_tablet&quot;:&quot;50%&quot;,&quot;premium_blog_columns_number_mobile&quot;:&quot;100%&quot;}\" data-widget_type=\"premium-addon-blog.default\">\n\t\t\t\t<div class=\"elementor-widget-container\">\n\t\t\t\t\t\n\t\t\n\n\t\t\t\t<div class=\"premium-blog-wrap  premium-blog-masonry\" data-page=\"5782\">\n\t\t\t\t\t\t\t\t\t<div class=\"premium-blog-post-outer-container\" data-total=\"1\">\n\t\t\t<div class=\"premium-blog-post-container premium-blog-skin-classic\">\n\t\t\t\t\t\t\t\t\t<div class=\"premium-blog-thumb-effect-wrapper\">\n\t\t\t\t\t\t<div class=\"premium-blog-thumbnail-container premium-blog-zoomin-effect\">\n\t\t\t\t\t\t\t<img decoding=\"async\" width=\"400\" height=\"280\" src=\"https:\/\/harztor-erlebenswert.de\/wp-content\/uploads\/2026\/02\/WhatsApp-Image-2026-02-15-at-19.39.51-1024x768-1-400x280.webp\" class=\"attachment-total-400x280 size-total-400x280 wp-image-5369\" alt=\"\" srcset=\"https:\/\/harztor-erlebenswert.de\/wp-content\/uploads\/2026\/02\/WhatsApp-Image-2026-02-15-at-19.39.51-1024x768-1-400x280.webp 400w, https:\/\/harztor-erlebenswert.de\/wp-content\/uploads\/2026\/02\/WhatsApp-Image-2026-02-15-at-19.39.51-1024x768-1-16x12.webp 16w\" sizes=\"(max-width: 400px) 100vw, 400px\" \/>\t\t\t\t\t\t<\/div>\n\t\t\t\t\t\t\t\t\t\t\t\t\t<div class=\"premium-blog-thumbnail-overlay\">\n\t\t\t\t\t\t\t\t<a class=\"elementor-icon\" href=\"https:\/\/harztor-erlebenswert.de\/en\/tourismus_objekt\/herz-spirit-zentrum-fuer-ganzheitliche-heilbehandlungen\/\" target=\"_self\"><\/a>\n\t\t\t\t\t\t\t<\/div>\n\n\t\t\t\t\t\t\t\t\t\t\t\t\t\t\t\t\t\t<\/div>\n\t\t\t\t\t\t\t\t\t\t\t\t<div class=\"premium-blog-content-wrapper\">\n\n\t\t\t\t\t<div class=\"premium-blog-inner-container\">\n\n\t\t\t\t\t\t\t\t\t\t\t\t\t\t<h1 class=\"premium-blog-entry-title\">\n\t\t\t<a href=\"https:\/\/harztor-erlebenswert.de\/en\/tourismus_objekt\/herz-spirit-zentrum-fuer-ganzheitliche-heilbehandlungen\/\" target=\"_self\">\n\t\t\t\tHerz-Spirit (Heart Spirit) \u2013 Center for Holistic Healing Treatments\t\t\t<\/a>\n\t\t<\/h1>\n\t\t\t\t<div class=\"premium-blog-entry-meta\">\n\t\t\t\n\t\t\t\n\t\t\t\n\t\t\t\t\t<\/div>\n\t\t\n\t\t\t\t\t<\/div>\n\n\t\t\t\t\t\t\t<div class=\"premium-blog-content-inner-wrapper\">\n\t\t<p class=\"premium-blog-post-content\">Welcome to \"Herz-Spirit\" in Harztor (Ilfeld district) \u2013 a place where inner healing...<\/p>\t\t<\/div>\n\t\t\t\t\t\t\t\n\t\t\t\t<\/div>\n\t\t\t<\/div>\n\t\t<\/div>\n\n\t\t\t\t<div class=\"premium-blog-post-outer-container\" data-total=\"1\">\n\t\t\t<div class=\"premium-blog-post-container premium-blog-skin-classic\">\n\t\t\t\t\t\t\t\t\t<div class=\"premium-blog-thumb-effect-wrapper\">\n\t\t\t\t\t\t<div class=\"premium-blog-thumbnail-container premium-blog-zoomin-effect\">\n\t\t\t\t\t\t\t<img decoding=\"async\" width=\"400\" height=\"280\" src=\"https:\/\/harztor-erlebenswert.de\/wp-content\/uploads\/2026\/03\/beautyscheune1-400x280.jpg\" class=\"attachment-total-400x280 size-total-400x280 wp-image-5772\" alt=\"\" srcset=\"https:\/\/harztor-erlebenswert.de\/wp-content\/uploads\/2026\/03\/beautyscheune1-400x280.jpg 400w, https:\/\/harztor-erlebenswert.de\/wp-content\/uploads\/2026\/03\/beautyscheune1-16x12.jpg 16w\" sizes=\"(max-width: 400px) 100vw, 400px\" \/>\t\t\t\t\t\t<\/div>\n\t\t\t\t\t\t\t\t\t\t\t\t\t<div class=\"premium-blog-thumbnail-overlay\">\n\t\t\t\t\t\t\t\t<a class=\"elementor-icon\" href=\"https:\/\/harztor-erlebenswert.de\/en\/tourismus_objekt\/beauty-scheune-melanie-kuehne\/\" target=\"_self\"><\/a>\n\t\t\t\t\t\t\t<\/div>\n\n\t\t\t\t\t\t\t\t\t\t\t\t\t\t\t\t\t\t<\/div>\n\t\t\t\t\t\t\t\t\t\t\t\t<div class=\"premium-blog-content-wrapper\">\n\n\t\t\t\t\t<div class=\"premium-blog-inner-container\">\n\n\t\t\t\t\t\t\t\t\t\t\t\t\t\t<h1 class=\"premium-blog-entry-title\">\n\t\t\t<a href=\"https:\/\/harztor-erlebenswert.de\/en\/tourismus_objekt\/beauty-scheune-melanie-kuehne\/\" target=\"_self\">\n\t\t\t\tBeauty-Scheune Melanie K\u00fchne\t\t\t<\/a>\n\t\t<\/h1>\n\t\t\t\t<div class=\"premium-blog-entry-meta\">\n\t\t\t\n\t\t\t\n\t\t\t\n\t\t\t\t\t<\/div>\n\t\t\n\t\t\t\t\t<\/div>\n\n\t\t\t\t\t\t\t<div class=\"premium-blog-content-inner-wrapper\">\n\t\t<p class=\"premium-blog-post-content\">In Neustadt - unweit des Kurparks - bietet Melanie K\u00fchne in ihrer Beauty-Scheune ein vielseitiges \u2026<\/p>\t\t<\/div>\n\t\t\t\t\t\t\t\n\t\t\t\t<\/div>\n\t\t\t<\/div>\n\t\t<\/div>\n\n\t\t\t\t<div class=\"premium-blog-post-outer-container\" data-total=\"1\">\n\t\t\t<div class=\"premium-blog-post-container premium-blog-skin-classic\">\n\t\t\t\t\t\t\t\t\t<div class=\"premium-blog-thumb-effect-wrapper\">\n\t\t\t\t\t\t<div class=\"premium-blog-thumbnail-container premium-blog-zoomin-effect\">\n\t\t\t\t\t\t\t<img loading=\"lazy\" decoding=\"async\" width=\"400\" height=\"280\" src=\"https:\/\/harztor-erlebenswert.de\/wp-content\/uploads\/2026\/03\/wellnes_ki-400x280.webp\" class=\"attachment-total-400x280 size-total-400x280 wp-image-5778\" alt=\"\" srcset=\"https:\/\/harztor-erlebenswert.de\/wp-content\/uploads\/2026\/03\/wellnes_ki-400x280.webp 400w, https:\/\/harztor-erlebenswert.de\/wp-content\/uploads\/2026\/03\/wellnes_ki-16x12.webp 16w\" sizes=\"(max-width: 400px) 100vw, 400px\" \/>\t\t\t\t\t\t<\/div>\n\t\t\t\t\t\t\t\t\t\t\t\t\t<div class=\"premium-blog-thumbnail-overlay\">\n\t\t\t\t\t\t\t\t<a class=\"elementor-icon\" href=\"https:\/\/harztor-erlebenswert.de\/en\/tourismus_objekt\/jeanette-reinhardt\/\" target=\"_self\"><\/a>\n\t\t\t\t\t\t\t<\/div>\n\n\t\t\t\t\t\t\t\t\t\t\t\t\t\t\t\t\t\t<\/div>\n\t\t\t\t\t\t\t\t\t\t\t\t<div class=\"premium-blog-content-wrapper\">\n\n\t\t\t\t\t<div class=\"premium-blog-inner-container\">\n\n\t\t\t\t\t\t\t\t\t\t\t\t\t\t<h1 class=\"premium-blog-entry-title\">\n\t\t\t<a href=\"https:\/\/harztor-erlebenswert.de\/en\/tourismus_objekt\/jeanette-reinhardt\/\" target=\"_self\">\n\t\t\t\tJeanette Reinhardt\t\t\t<\/a>\n\t\t<\/h1>\n\t\t\t\t<div class=\"premium-blog-entry-meta\">\n\t\t\t\n\t\t\t\n\t\t\t\n\t\t\t\t\t<\/div>\n\t\t\n\t\t\t\t\t<\/div>\n\n\t\t\t\t\t\t\t<div class=\"premium-blog-content-inner-wrapper\">\n\t\t<p class=\"premium-blog-post-content\">Friseurin<\/p>\t\t<\/div>\n\t\t\t\t\t\t\t\n\t\t\t\t<\/div>\n\t\t\t<\/div>\n\t\t<\/div>\n\n\t\t\t\t<div class=\"premium-blog-post-outer-container\" data-total=\"1\">\n\t\t\t<div class=\"premium-blog-post-container premium-blog-skin-classic\">\n\t\t\t\t\t\t\t\t\t<div class=\"premium-blog-thumb-effect-wrapper\">\n\t\t\t\t\t\t<div class=\"premium-blog-thumbnail-container premium-blog-zoomin-effect\">\n\t\t\t\t\t\t\t<img loading=\"lazy\" decoding=\"async\" width=\"400\" height=\"280\" src=\"https:\/\/harztor-erlebenswert.de\/wp-content\/uploads\/2026\/03\/wellnes_ki-400x280.webp\" class=\"attachment-total-400x280 size-total-400x280 wp-image-5778\" alt=\"\" srcset=\"https:\/\/harztor-erlebenswert.de\/wp-content\/uploads\/2026\/03\/wellnes_ki-400x280.webp 400w, https:\/\/harztor-erlebenswert.de\/wp-content\/uploads\/2026\/03\/wellnes_ki-16x12.webp 16w\" sizes=\"(max-width: 400px) 100vw, 400px\" \/>\t\t\t\t\t\t<\/div>\n\t\t\t\t\t\t\t\t\t\t\t\t\t<div class=\"premium-blog-thumbnail-overlay\">\n\t\t\t\t\t\t\t\t<a class=\"elementor-icon\" href=\"https:\/\/harztor-erlebenswert.de\/en\/tourismus_objekt\/heike-boesenberg-kosmetikoase\/\" target=\"_self\"><\/a>\n\t\t\t\t\t\t\t<\/div>\n\n\t\t\t\t\t\t\t\t\t\t\t\t\t\t\t\t\t\t<\/div>\n\t\t\t\t\t\t\t\t\t\t\t\t<div class=\"premium-blog-content-wrapper\">\n\n\t\t\t\t\t<div class=\"premium-blog-inner-container\">\n\n\t\t\t\t\t\t\t\t\t\t\t\t\t\t<h1 class=\"premium-blog-entry-title\">\n\t\t\t<a href=\"https:\/\/harztor-erlebenswert.de\/en\/tourismus_objekt\/heike-boesenberg-kosmetikoase\/\" target=\"_self\">\n\t\t\t\tHeike B\u00f6senberg Kosmetikoase\t\t\t<\/a>\n\t\t<\/h1>\n\t\t\t\t<div class=\"premium-blog-entry-meta\">\n\t\t\t\n\t\t\t\n\t\t\t\n\t\t\t\t\t<\/div>\n\t\t\n\t\t\t\t\t<\/div>\n\n\t\t\t\t\t\t\t<div class=\"premium-blog-content-inner-wrapper\">\n\t\t<p class=\"premium-blog-post-content\">Kosmetik<\/p>\t\t<\/div>\n\t\t\t\t\t\t\t\n\t\t\t\t<\/div>\n\t\t\t<\/div>\n\t\t<\/div>\n\n\t\t\t\t<div class=\"premium-blog-post-outer-container\" data-total=\"1\">\n\t\t\t<div class=\"premium-blog-post-container premium-blog-skin-classic\">\n\t\t\t\t\t\t\t\t\t<div class=\"premium-blog-thumb-effect-wrapper\">\n\t\t\t\t\t\t<div class=\"premium-blog-thumbnail-container premium-blog-zoomin-effect\">\n\t\t\t\t\t\t\t<img loading=\"lazy\" decoding=\"async\" width=\"400\" height=\"280\" src=\"https:\/\/harztor-erlebenswert.de\/wp-content\/uploads\/2026\/03\/wellnes_ki-400x280.webp\" class=\"attachment-total-400x280 size-total-400x280 wp-image-5778\" alt=\"\" srcset=\"https:\/\/harztor-erlebenswert.de\/wp-content\/uploads\/2026\/03\/wellnes_ki-400x280.webp 400w, https:\/\/harztor-erlebenswert.de\/wp-content\/uploads\/2026\/03\/wellnes_ki-16x12.webp 16w\" sizes=\"(max-width: 400px) 100vw, 400px\" \/>\t\t\t\t\t\t<\/div>\n\t\t\t\t\t\t\t\t\t\t\t\t\t<div class=\"premium-blog-thumbnail-overlay\">\n\t\t\t\t\t\t\t\t<a class=\"elementor-icon\" href=\"https:\/\/harztor-erlebenswert.de\/en\/tourismus_objekt\/wohlfuehl-paradies-katharina-koenig\/\" target=\"_self\"><\/a>\n\t\t\t\t\t\t\t<\/div>\n\n\t\t\t\t\t\t\t\t\t\t\t\t\t\t\t\t\t\t<\/div>\n\t\t\t\t\t\t\t\t\t\t\t\t<div class=\"premium-blog-content-wrapper\">\n\n\t\t\t\t\t<div class=\"premium-blog-inner-container\">\n\n\t\t\t\t\t\t\t\t\t\t\t\t\t\t<h1 class=\"premium-blog-entry-title\">\n\t\t\t<a href=\"https:\/\/harztor-erlebenswert.de\/en\/tourismus_objekt\/wohlfuehl-paradies-katharina-koenig\/\" target=\"_self\">\n\t\t\t\tWohlf\u00fchl-Paradies Katharina K\u00f6nig\t\t\t<\/a>\n\t\t<\/h1>\n\t\t\t\t<div class=\"premium-blog-entry-meta\">\n\t\t\t\n\t\t\t\n\t\t\t\n\t\t\t\t\t<\/div>\n\t\t\n\t\t\t\t\t<\/div>\n\n\t\t\t\t\t\t\t<div class=\"premium-blog-content-inner-wrapper\">\n\t\t<p class=\"premium-blog-post-content\">Gesundheit, Erholung und W\u00e4rme mitten im Heilklimatischen Luftkurort Neustadt\/Harz: Das Wohlf\u00fchl-Paradies bietet medizinische Gesundheitsanwendungen, klassische \u2026<\/p>\t\t<\/div>\n\t\t\t\t\t\t\t\n\t\t\t\t<\/div>\n\t\t\t<\/div>\n\t\t<\/div>\n\n\t\t\t\t<div class=\"premium-blog-post-outer-container\" data-total=\"1\">\n\t\t\t<div class=\"premium-blog-post-container premium-blog-skin-classic\">\n\t\t\t\t\t\t\t\t\t<div class=\"premium-blog-thumb-effect-wrapper\">\n\t\t\t\t\t\t<div class=\"premium-blog-thumbnail-container premium-blog-zoomin-effect\">\n\t\t\t\t\t\t\t<img loading=\"lazy\" decoding=\"async\" width=\"400\" height=\"280\" src=\"https:\/\/harztor-erlebenswert.de\/wp-content\/uploads\/2026\/03\/wellnes_ki-400x280.webp\" class=\"attachment-total-400x280 size-total-400x280 wp-image-5778\" alt=\"\" srcset=\"https:\/\/harztor-erlebenswert.de\/wp-content\/uploads\/2026\/03\/wellnes_ki-400x280.webp 400w, https:\/\/harztor-erlebenswert.de\/wp-content\/uploads\/2026\/03\/wellnes_ki-16x12.webp 16w\" sizes=\"(max-width: 400px) 100vw, 400px\" \/>\t\t\t\t\t\t<\/div>\n\t\t\t\t\t\t\t\t\t\t\t\t\t<div class=\"premium-blog-thumbnail-overlay\">\n\t\t\t\t\t\t\t\t<a class=\"elementor-icon\" href=\"https:\/\/harztor-erlebenswert.de\/en\/tourismus_objekt\/praxis-fuer-podologie-martina-knothe\/\" target=\"_self\"><\/a>\n\t\t\t\t\t\t\t<\/div>\n\n\t\t\t\t\t\t\t\t\t\t\t\t\t\t\t\t\t\t<\/div>\n\t\t\t\t\t\t\t\t\t\t\t\t<div class=\"premium-blog-content-wrapper\">\n\n\t\t\t\t\t<div class=\"premium-blog-inner-container\">\n\n\t\t\t\t\t\t\t\t\t\t\t\t\t\t<h1 class=\"premium-blog-entry-title\">\n\t\t\t<a href=\"https:\/\/harztor-erlebenswert.de\/en\/tourismus_objekt\/praxis-fuer-podologie-martina-knothe\/\" target=\"_self\">\n\t\t\t\tPraxis f\u00fcr Podologie Martina Knothe\t\t\t<\/a>\n\t\t<\/h1>\n\t\t\t\t<div class=\"premium-blog-entry-meta\">\n\t\t\t\n\t\t\t\n\t\t\t\n\t\t\t\t\t<\/div>\n\t\t\n\t\t\t\t\t<\/div>\n\n\t\t\t\t\t\t\t<div class=\"premium-blog-content-inner-wrapper\">\n\t\t<p class=\"premium-blog-post-content\">Podologie, medizinische Fu\u00dfpflege<\/p>\t\t<\/div>\n\t\t\t\t\t\t\t\n\t\t\t\t<\/div>\n\t\t\t<\/div>\n\t\t<\/div>\n\n\t\t\t\t\t\t\t<\/div>\n\n\t\t\n\t\t\n\t\t\t\t\t\t<\/div>\n\t\t\t\t<\/div>\n\t\t\t\t\t<\/div>\n\t\t\t\t<\/div>\n\t\t\t\t<\/div>","protected":false},"excerpt":{"rendered":"<p>Lassen Sie es sich gut gehen im sch\u00f6nen S\u00fcdharz Schon ein Spaziergang im gesunden Mischwald in und um Harztor ist eine nat\u00fcrliche Aromatherapie der Extraklasse. Wer noch mehr f\u00fcr seine k\u00f6rperliche oder mentale Gesundheit tun m\u00f6chte, auf den warten Dienstleister aus dem Bereich Wellness und Gesundheit. Und auch wenn man einfach etwas Besonderes f\u00fcr sich [&hellip;]<\/p>\n","protected":false},"author":1,"featured_media":0,"parent":0,"menu_order":0,"comment_status":"closed","ping_status":"closed","template":"","meta":{"_acf_changed":false,"footnotes":""},"class_list":["post-5782","page","type-page","status-publish","hentry"],"acf":[],"_links":{"self":[{"href":"https:\/\/harztor-erlebenswert.de\/en\/wp-json\/wp\/v2\/pages\/5782","targetHints":{"allow":["GET"]}}],"collection":[{"href":"https:\/\/harztor-erlebenswert.de\/en\/wp-json\/wp\/v2\/pages"}],"about":[{"href":"https:\/\/harztor-erlebenswert.de\/en\/wp-json\/wp\/v2\/types\/page"}],"author":[{"embeddable":true,"href":"https:\/\/harztor-erlebenswert.de\/en\/wp-json\/wp\/v2\/users\/1"}],"replies":[{"embeddable":true,"href":"https:\/\/harztor-erlebenswert.de\/en\/wp-json\/wp\/v2\/comments?post=5782"}],"version-history":[{"count":4,"href":"https:\/\/harztor-erlebenswert.de\/en\/wp-json\/wp\/v2\/pages\/5782\/revisions"}],"predecessor-version":[{"id":5786,"href":"https:\/\/harztor-erlebenswert.de\/en\/wp-json\/wp\/v2\/pages\/5782\/revisions\/5786"}],"wp:attachment":[{"href":"https:\/\/harztor-erlebenswert.de\/en\/wp-json\/wp\/v2\/media?parent=5782"}],"curies":[{"name":"wp","href":"https:\/\/api.w.org\/{rel}","templated":true}]}}