{"id":3943,"date":"2025-12-12T16:07:44","date_gmt":"2025-12-12T16:07:44","guid":{"rendered":"https:\/\/harztor-erlebenswert.de\/?post_type=product&#038;p=3943"},"modified":"2026-03-30T11:19:22","modified_gmt":"2026-03-30T09:19:22","slug":"harztor-wanderkinder-stempelheft","status":"publish","type":"product","link":"https:\/\/harztor-erlebenswert.de\/en\/product\/harztor-wanderkinder-stempelheft\/","title":{"rendered":"Harztor Wanderkinder Stempelheft"},"content":{"rendered":"<p>,,Harztor Wanderkinder\u201c ist ein Projekt der Jugendfeuerwehren der Gemeinde Harztor. Damit m\u00f6chten wir Euch die Sch\u00f6nheit und Vielseitigkeit unserer Heimat zeigen. Mit dem Projekt ,,Harzer Wanderkinder\u201c k\u00f6nnt ihr erlebnisreiche Spielpl\u00e4tze, sch\u00f6ne Aussichtspunkte und sagehafte Orte mit Euren Eltern, Erziehern\u00a0 und Lehrern in unserer Gemeinde Harztor einwandern. 31 sehenswerte Pl\u00e4tze warten auf Euch, an jedem Platz wartet ein Stempelkasten darauf, von Euch genutzt zu werden. Habt ihr alle Orte erwandert und Euer Heft ist voll mit allen Stempeln, wartet ein toller Preis auf Euch!<\/p>","protected":false},"excerpt":{"rendered":"<p>,,Harztor Wanderkinder\u201c ist ein Projekt der Jugendfeuerwehren der Gemeinde Harztor. Damit m\u00f6chten wir Euch die Sch\u00f6nheit und Vielseitigkeit unserer Heimat zeigen. Mit dem Projekt ,,Harzer Wanderkinder\u201c k\u00f6nnt ihr erlebnisreiche Spielpl\u00e4tze, sch\u00f6ne Aussichtspunkte und sagehafte Orte mit Euren Eltern, Erziehern\u00a0 und Lehrern in unserer Gemeinde Harztor einwandern. 31 sehenswerte Pl\u00e4tze warten auf Euch, an jedem Platz [&hellip;]<\/p>\n","protected":false},"featured_media":3944,"comment_status":"open","ping_status":"closed","template":"","meta":{"_acf_changed":false},"product_brand":[],"product_cat":[114],"product_tag":[116,117,115],"class_list":{"0":"post-3943","1":"product","2":"type-product","3":"status-publish","4":"has-post-thumbnail","6":"product_cat-printprodukt","7":"product_tag-harztor-wanderkinder","8":"product_tag-printprodukt","9":"product_tag-stempelheft","10":"product_shipping_class-kleine-printprodukte","12":"first","13":"instock","14":"taxable","15":"shipping-taxable","16":"purchasable","17":"product-type-simple"},"acf":[],"_links":{"self":[{"href":"https:\/\/harztor-erlebenswert.de\/en\/wp-json\/wp\/v2\/product\/3943","targetHints":{"allow":["GET"]}}],"collection":[{"href":"https:\/\/harztor-erlebenswert.de\/en\/wp-json\/wp\/v2\/product"}],"about":[{"href":"https:\/\/harztor-erlebenswert.de\/en\/wp-json\/wp\/v2\/types\/product"}],"replies":[{"embeddable":true,"href":"https:\/\/harztor-erlebenswert.de\/en\/wp-json\/wp\/v2\/comments?post=3943"}],"version-history":[{"count":1,"href":"https:\/\/harztor-erlebenswert.de\/en\/wp-json\/wp\/v2\/product\/3943\/revisions"}],"predecessor-version":[{"id":5844,"href":"https:\/\/harztor-erlebenswert.de\/en\/wp-json\/wp\/v2\/product\/3943\/revisions\/5844"}],"wp:featuredmedia":[{"embeddable":true,"href":"https:\/\/harztor-erlebenswert.de\/en\/wp-json\/wp\/v2\/media\/3944"}],"wp:attachment":[{"href":"https:\/\/harztor-erlebenswert.de\/en\/wp-json\/wp\/v2\/media?parent=3943"}],"wp:term":[{"taxonomy":"product_brand","embeddable":true,"href":"https:\/\/harztor-erlebenswert.de\/en\/wp-json\/wp\/v2\/product_brand?post=3943"},{"taxonomy":"product_cat","embeddable":true,"href":"https:\/\/harztor-erlebenswert.de\/en\/wp-json\/wp\/v2\/product_cat?post=3943"},{"taxonomy":"product_tag","embeddable":true,"href":"https:\/\/harztor-erlebenswert.de\/en\/wp-json\/wp\/v2\/product_tag?post=3943"}],"curies":[{"name":"wp","href":"https:\/\/api.w.org\/{rel}","templated":true}]}}